{"id":3149,"date":"2021-02-07T18:37:54","date_gmt":"2021-02-07T17:37:54","guid":{"rendered":"https:\/\/evm.ch\/?post_type=product&#038;p=3149"},"modified":"2025-03-01T00:00:43","modified_gmt":"2025-02-28T23:00:43","slug":"immo-push-up","status":"publish","type":"product","link":"https:\/\/evm.ch\/fotograf-in-luzern\/produkt\/immo-push-up\/","title":{"rendered":"Immobilien Wertsteigerung"},"content":{"rendered":"<p>Professionelle Bilder steigern den Verkaufspreis einer Immobilie um 3-7%. Warum ist das so? Weil gerade in Innenr\u00e4umen Aufnahmen mit Superweitwinkel die R\u00e4ume gr\u00f6sser erscheinen lassen. Es ist mehr sichtbar. Die richtige Ausleuchtung l\u00e4sst R\u00e4ume ebenso gr\u00f6sser und auch heller erscheinen. Die Immobilie wird so wesentlich attraktiver. Es lohnt sich f\u00fcr sie in jedem Fall.<\/p>\n<p>Ein Haus, welches f\u00fcr CHF 900&#8217;000 verkauf werden soll, k\u00f6nnen sie so f\u00fcr ca. 945&#8217;000 verkaufen.<\/p>\n<p>Das Package beinhaltet:<\/p>\n<ul>\n<li>Shooting vor Ort<\/li>\n<li>Nachbearbeitung und Optimierung der Bilder<\/li>\n<li>\u00dcbergabe aller Bilder<\/li>\n<li>Archivierung aller Bilder w\u00e4hrend 1 Jahr<\/li>\n<\/ul>\n<p>Manipulationen oder Ver\u00e4nderungen am Objekt werden nicht gemacht.<\/p>\n<p>Tip: Gerade bei H\u00e4user empfiehlt sich ein Shooting im Fr\u00fchling, wenn die Pflanzen bl\u00fchen. Buchen Sie jetzt.<\/p>\n","protected":false},"excerpt":{"rendered":"<p>Professionelle Bilder steigern den Verkaufspreis einer Immobilie um 3-7%. Warum ist das so? Weil gerade in Innenr\u00e4umen Aufnahmen mit Superweitwinkel die R\u00e4ume gr\u00f6sser erscheinen lassen. Es ist mehr sichtbar. Die richtige Ausleuchtung l\u00e4sst R\u00e4ume ebenso gr\u00f6sser und auch heller erscheinen. Die Immobilie wird so wesentlich attraktiver. Es lohnt sich f\u00fcr [&hellip;]<\/p>\n","protected":false},"featured_media":2737,"template":"","meta":{"jetpack_post_was_ever_published":false},"product_brand":[],"product_cat":[59],"product_tag":[117,116],"class_list":{"0":"post-3149","1":"product","2":"type-product","3":"status-publish","4":"has-post-thumbnail","6":"product_cat-gutscheine","7":"product_tag-architektur","8":"product_tag-immobilien","10":"first","11":"instock","12":"shipping-taxable","13":"purchasable","14":"product-type-simple"},"yoast_head":"<!-- This site is optimized with the Yoast SEO plugin v27.4 - https:\/\/yoast.com\/product\/yoast-seo-wordpress\/ -->\n<title>Immobilien Wertsteigerung &#8211; Fotograf in Luzern<\/title>\n<meta name=\"description\" content=\"Erh\u00f6hen Sie den Wert ihrer Immobilie durch professionelle Bilder.\" \/>\n<meta name=\"robots\" content=\"index, follow, max-snippet:-1, max-image-preview:large, max-video-preview:-1\" \/>\n<link rel=\"canonical\" href=\"https:\/\/evm.ch\/fotograf-in-luzern\/produkt\/immo-push-up\/\" \/>\n<meta property=\"og:locale\" content=\"de_DE\" \/>\n<meta property=\"og:type\" content=\"article\" \/>\n<meta property=\"og:title\" content=\"Immobilien Wertsteigerung &#8211; Fotograf in Luzern\" \/>\n<meta property=\"og:description\" content=\"Erh\u00f6hen Sie den Wert ihrer Immobilie durch professionelle Bilder.\" \/>\n<meta property=\"og:url\" content=\"https:\/\/evm.ch\/fotograf-in-luzern\/produkt\/immo-push-up\/\" \/>\n<meta property=\"og:site_name\" content=\"Fotograf in Luzern\" \/>\n<meta property=\"article:modified_time\" content=\"2025-02-28T23:00:43+00:00\" \/>\n<meta property=\"og:image\" content=\"https:\/\/i0.wp.com\/evm.ch\/wp-content\/uploads\/2020\/09\/EVM_4575-Bearbeitet-Kopie.jpg?fit=2400%2C1602&ssl=1\" \/>\n\t<meta property=\"og:image:width\" content=\"2400\" \/>\n\t<meta property=\"og:image:height\" content=\"1602\" \/>\n\t<meta property=\"og:image:type\" content=\"image\/jpeg\" \/>\n<meta name=\"twitter:card\" content=\"summary_large_image\" \/>\n<meta name=\"twitter:label1\" content=\"Gesch\u00e4tzte Lesezeit\" \/>\n\t<meta name=\"twitter:data1\" content=\"1\u00a0Minute\" \/>\n<script type=\"application\/ld+json\" class=\"yoast-schema-graph\">{\"@context\":\"https:\\\/\\\/schema.org\",\"@graph\":[{\"@type\":\"WebPage\",\"@id\":\"https:\\\/\\\/evm.ch\\\/fotograf-in-luzern\\\/produkt\\\/immo-push-up\\\/\",\"url\":\"https:\\\/\\\/evm.ch\\\/fotograf-in-luzern\\\/produkt\\\/immo-push-up\\\/\",\"name\":\"Immobilien Wertsteigerung &#8211; Fotograf in Luzern\",\"isPartOf\":{\"@id\":\"https:\\\/\\\/evm.ch\\\/fotograf-in-luzern\\\/#website\"},\"primaryImageOfPage\":{\"@id\":\"https:\\\/\\\/evm.ch\\\/fotograf-in-luzern\\\/produkt\\\/immo-push-up\\\/#primaryimage\"},\"image\":{\"@id\":\"https:\\\/\\\/evm.ch\\\/fotograf-in-luzern\\\/produkt\\\/immo-push-up\\\/#primaryimage\"},\"thumbnailUrl\":\"https:\\\/\\\/i0.wp.com\\\/evm.ch\\\/wp-content\\\/uploads\\\/2020\\\/09\\\/EVM_4575-Bearbeitet-Kopie.jpg?fit=2400%2C1602&ssl=1\",\"datePublished\":\"2021-02-07T17:37:54+00:00\",\"dateModified\":\"2025-02-28T23:00:43+00:00\",\"description\":\"Erh\u00f6hen Sie den Wert ihrer Immobilie durch professionelle Bilder.\",\"breadcrumb\":{\"@id\":\"https:\\\/\\\/evm.ch\\\/fotograf-in-luzern\\\/produkt\\\/immo-push-up\\\/#breadcrumb\"},\"inLanguage\":\"de\",\"potentialAction\":[{\"@type\":\"ReadAction\",\"target\":[\"https:\\\/\\\/evm.ch\\\/fotograf-in-luzern\\\/produkt\\\/immo-push-up\\\/\"]}]},{\"@type\":\"ImageObject\",\"inLanguage\":\"de\",\"@id\":\"https:\\\/\\\/evm.ch\\\/fotograf-in-luzern\\\/produkt\\\/immo-push-up\\\/#primaryimage\",\"url\":\"https:\\\/\\\/i0.wp.com\\\/evm.ch\\\/wp-content\\\/uploads\\\/2020\\\/09\\\/EVM_4575-Bearbeitet-Kopie.jpg?fit=2400%2C1602&ssl=1\",\"contentUrl\":\"https:\\\/\\\/i0.wp.com\\\/evm.ch\\\/wp-content\\\/uploads\\\/2020\\\/09\\\/EVM_4575-Bearbeitet-Kopie.jpg?fit=2400%2C1602&ssl=1\",\"width\":2400,\"height\":1602},{\"@type\":\"BreadcrumbList\",\"@id\":\"https:\\\/\\\/evm.ch\\\/fotograf-in-luzern\\\/produkt\\\/immo-push-up\\\/#breadcrumb\",\"itemListElement\":[{\"@type\":\"ListItem\",\"position\":1,\"name\":\"Home\",\"item\":\"https:\\\/\\\/evm.ch\\\/fotograf-in-luzern\\\/\"},{\"@type\":\"ListItem\",\"position\":2,\"name\":\"Shop\",\"item\":\"https:\\\/\\\/evm.ch\\\/fotograf-in-luzern\\\/shop\\\/\"},{\"@type\":\"ListItem\",\"position\":3,\"name\":\"Immobilien Wertsteigerung\"}]},{\"@type\":\"WebSite\",\"@id\":\"https:\\\/\\\/evm.ch\\\/fotograf-in-luzern\\\/#website\",\"url\":\"https:\\\/\\\/evm.ch\\\/fotograf-in-luzern\\\/\",\"name\":\"Fotograf in Luzern\",\"description\":\"\",\"publisher\":{\"@id\":\"https:\\\/\\\/evm.ch\\\/fotograf-in-luzern\\\/#organization\"},\"potentialAction\":[{\"@type\":\"SearchAction\",\"target\":{\"@type\":\"EntryPoint\",\"urlTemplate\":\"https:\\\/\\\/evm.ch\\\/fotograf-in-luzern\\\/?s={search_term_string}\"},\"query-input\":{\"@type\":\"PropertyValueSpecification\",\"valueRequired\":true,\"valueName\":\"search_term_string\"}}],\"inLanguage\":\"de\"},{\"@type\":\"Organization\",\"@id\":\"https:\\\/\\\/evm.ch\\\/fotograf-in-luzern\\\/#organization\",\"name\":\"Foto evm.ch\",\"url\":\"https:\\\/\\\/evm.ch\\\/fotograf-in-luzern\\\/\",\"logo\":{\"@type\":\"ImageObject\",\"inLanguage\":\"de\",\"@id\":\"https:\\\/\\\/evm.ch\\\/fotograf-in-luzern\\\/#\\\/schema\\\/logo\\\/image\\\/\",\"url\":\"https:\\\/\\\/evm.ch\\\/wp-content\\\/uploads\\\/2018\\\/12\\\/logo.png\",\"contentUrl\":\"https:\\\/\\\/evm.ch\\\/wp-content\\\/uploads\\\/2018\\\/12\\\/logo.png\",\"width\":270,\"height\":100,\"caption\":\"Foto evm.ch\"},\"image\":{\"@id\":\"https:\\\/\\\/evm.ch\\\/fotograf-in-luzern\\\/#\\\/schema\\\/logo\\\/image\\\/\"}}]}<\/script>\n<!-- \/ Yoast SEO plugin. -->","yoast_head_json":{"title":"Immobilien Wertsteigerung &#8211; Fotograf in Luzern","description":"Erh\u00f6hen Sie den Wert ihrer Immobilie durch professionelle Bilder.","robots":{"index":"index","follow":"follow","max-snippet":"max-snippet:-1","max-image-preview":"max-image-preview:large","max-video-preview":"max-video-preview:-1"},"canonical":"https:\/\/evm.ch\/fotograf-in-luzern\/produkt\/immo-push-up\/","og_locale":"de_DE","og_type":"article","og_title":"Immobilien Wertsteigerung &#8211; Fotograf in Luzern","og_description":"Erh\u00f6hen Sie den Wert ihrer Immobilie durch professionelle Bilder.","og_url":"https:\/\/evm.ch\/fotograf-in-luzern\/produkt\/immo-push-up\/","og_site_name":"Fotograf in Luzern","article_modified_time":"2025-02-28T23:00:43+00:00","og_image":[{"width":2400,"height":1602,"url":"https:\/\/i0.wp.com\/evm.ch\/wp-content\/uploads\/2020\/09\/EVM_4575-Bearbeitet-Kopie.jpg?fit=2400%2C1602&ssl=1","type":"image\/jpeg"}],"twitter_card":"summary_large_image","twitter_misc":{"Gesch\u00e4tzte Lesezeit":"1\u00a0Minute"},"schema":{"@context":"https:\/\/schema.org","@graph":[{"@type":"WebPage","@id":"https:\/\/evm.ch\/fotograf-in-luzern\/produkt\/immo-push-up\/","url":"https:\/\/evm.ch\/fotograf-in-luzern\/produkt\/immo-push-up\/","name":"Immobilien Wertsteigerung &#8211; Fotograf in Luzern","isPartOf":{"@id":"https:\/\/evm.ch\/fotograf-in-luzern\/#website"},"primaryImageOfPage":{"@id":"https:\/\/evm.ch\/fotograf-in-luzern\/produkt\/immo-push-up\/#primaryimage"},"image":{"@id":"https:\/\/evm.ch\/fotograf-in-luzern\/produkt\/immo-push-up\/#primaryimage"},"thumbnailUrl":"https:\/\/i0.wp.com\/evm.ch\/wp-content\/uploads\/2020\/09\/EVM_4575-Bearbeitet-Kopie.jpg?fit=2400%2C1602&ssl=1","datePublished":"2021-02-07T17:37:54+00:00","dateModified":"2025-02-28T23:00:43+00:00","description":"Erh\u00f6hen Sie den Wert ihrer Immobilie durch professionelle Bilder.","breadcrumb":{"@id":"https:\/\/evm.ch\/fotograf-in-luzern\/produkt\/immo-push-up\/#breadcrumb"},"inLanguage":"de","potentialAction":[{"@type":"ReadAction","target":["https:\/\/evm.ch\/fotograf-in-luzern\/produkt\/immo-push-up\/"]}]},{"@type":"ImageObject","inLanguage":"de","@id":"https:\/\/evm.ch\/fotograf-in-luzern\/produkt\/immo-push-up\/#primaryimage","url":"https:\/\/i0.wp.com\/evm.ch\/wp-content\/uploads\/2020\/09\/EVM_4575-Bearbeitet-Kopie.jpg?fit=2400%2C1602&ssl=1","contentUrl":"https:\/\/i0.wp.com\/evm.ch\/wp-content\/uploads\/2020\/09\/EVM_4575-Bearbeitet-Kopie.jpg?fit=2400%2C1602&ssl=1","width":2400,"height":1602},{"@type":"BreadcrumbList","@id":"https:\/\/evm.ch\/fotograf-in-luzern\/produkt\/immo-push-up\/#breadcrumb","itemListElement":[{"@type":"ListItem","position":1,"name":"Home","item":"https:\/\/evm.ch\/fotograf-in-luzern\/"},{"@type":"ListItem","position":2,"name":"Shop","item":"https:\/\/evm.ch\/fotograf-in-luzern\/shop\/"},{"@type":"ListItem","position":3,"name":"Immobilien Wertsteigerung"}]},{"@type":"WebSite","@id":"https:\/\/evm.ch\/fotograf-in-luzern\/#website","url":"https:\/\/evm.ch\/fotograf-in-luzern\/","name":"Fotograf in Luzern","description":"","publisher":{"@id":"https:\/\/evm.ch\/fotograf-in-luzern\/#organization"},"potentialAction":[{"@type":"SearchAction","target":{"@type":"EntryPoint","urlTemplate":"https:\/\/evm.ch\/fotograf-in-luzern\/?s={search_term_string}"},"query-input":{"@type":"PropertyValueSpecification","valueRequired":true,"valueName":"search_term_string"}}],"inLanguage":"de"},{"@type":"Organization","@id":"https:\/\/evm.ch\/fotograf-in-luzern\/#organization","name":"Foto evm.ch","url":"https:\/\/evm.ch\/fotograf-in-luzern\/","logo":{"@type":"ImageObject","inLanguage":"de","@id":"https:\/\/evm.ch\/fotograf-in-luzern\/#\/schema\/logo\/image\/","url":"https:\/\/evm.ch\/wp-content\/uploads\/2018\/12\/logo.png","contentUrl":"https:\/\/evm.ch\/wp-content\/uploads\/2018\/12\/logo.png","width":270,"height":100,"caption":"Foto evm.ch"},"image":{"@id":"https:\/\/evm.ch\/fotograf-in-luzern\/#\/schema\/logo\/image\/"}}]}},"jetpack_sharing_enabled":true,"jetpack-related-posts":[],"_links":{"self":[{"href":"https:\/\/evm.ch\/fotograf-in-luzern\/wp-json\/wp\/v2\/product\/3149","targetHints":{"allow":["GET"]}}],"collection":[{"href":"https:\/\/evm.ch\/fotograf-in-luzern\/wp-json\/wp\/v2\/product"}],"about":[{"href":"https:\/\/evm.ch\/fotograf-in-luzern\/wp-json\/wp\/v2\/types\/product"}],"wp:featuredmedia":[{"embeddable":true,"href":"https:\/\/evm.ch\/fotograf-in-luzern\/wp-json\/wp\/v2\/media\/2737"}],"wp:attachment":[{"href":"https:\/\/evm.ch\/fotograf-in-luzern\/wp-json\/wp\/v2\/media?parent=3149"}],"wp:term":[{"taxonomy":"product_brand","embeddable":true,"href":"https:\/\/evm.ch\/fotograf-in-luzern\/wp-json\/wp\/v2\/product_brand?post=3149"},{"taxonomy":"product_cat","embeddable":true,"href":"https:\/\/evm.ch\/fotograf-in-luzern\/wp-json\/wp\/v2\/product_cat?post=3149"},{"taxonomy":"product_tag","embeddable":true,"href":"https:\/\/evm.ch\/fotograf-in-luzern\/wp-json\/wp\/v2\/product_tag?post=3149"}],"curies":[{"name":"wp","href":"https:\/\/api.w.org\/{rel}","templated":true}]}}