{"id":5080,"date":"2024-01-08T20:33:18","date_gmt":"2024-01-08T19:33:18","guid":{"rendered":"https:\/\/evm.ch\/?post_type=product&#038;p=5080"},"modified":"2025-01-06T00:01:47","modified_gmt":"2025-01-05T23:01:47","slug":"grundlagen-der-fotografie","status":"publish","type":"product","link":"https:\/\/evm.ch\/fotograf-in-luzern\/produkt\/grundlagen-der-fotografie\/","title":{"rendered":"Grundlagen der Fotografie"},"content":{"rendered":"<p>Teilnehmer begrenzt auf <strong>2 bis maximal 4 Personen<\/strong><\/p>\n<p>Theorie und Praxis vom Profi!<\/p>\n<p>Fotografieren ist ein spannendes Bet\u00e4tigungsfeld. Aber es gibt grosse Unterschiede zwischen Knipsen oder Fotografieren. Der Knipser schiesst Unmengen an Bildern und hat mit Gl\u00fcck ein gutes Bild &#8211; welches aber nicht reproduzierbar ist. Wer Fotografiert, sieht das Bild bereits vor dem Ausl\u00f6sen und erh\u00e4lt genau das Bild, welches er geplant hat. Dazwischen liegen Welten. Wo stehst du? Und wo m\u00f6chtest du hin?<\/p>\n<p><strong>Themen:<\/strong><\/p>\n<ul>\n<li>Was willst du mit der Kamera tun?<\/li>\n<li>Kameratypen: Kompakt, Spiegellos, Spiegelreflex, Mittelformat, Grossformat oder doch das Handy? Die Richtige Kamera, gibts das?<\/li>\n<li>Objektive<\/li>\n<li>Perspektive<\/li>\n<li>Kamera Modi (P, S, A, M)<\/li>\n<li>Megapixel oder Farbumfang<\/li>\n<li>Sch\u00e4rfe oder Unsch\u00e4rfe<\/li>\n<li>Bewegung oder Eingefroren<\/li>\n<li>ISO oder Korn<\/li>\n<li>raw, tif, png, jpg&#8230;<\/li>\n<li>Tiefensch\u00e4rfe oder hyperfokale Sch\u00e4rfe<\/li>\n<li>Probieren oder k\u00f6nnen<\/li>\n<li>Sehen oder Knipsen<\/li>\n<li>Blitzlicht &#8211; wann macht Blitz Sinn?<\/li>\n<li>Sport, Makro, Landschaft, Tierfoto &#8211; was sind die Unterschiede?<\/li>\n<li>Was darf ich und was nicht fotografieren?<\/li>\n<\/ul>\n<p><strong>Zur Verf\u00fcgung gestellt werden kann:<\/strong><\/p>\n<ul>\n<li>Gesamtest Equipment<\/li>\n<\/ul>\n<p><strong>Mitbringen:<\/strong><\/p>\n<ul>\n<li>Eigene Kameraausr\u00fcstung, Fotos (Tops und Flops), F<strong>ragen und noch mehr Fragen<\/strong><\/li>\n<\/ul>\n<p><strong>Wo?<\/strong><br \/>\nFotografieren kann man \u00fcberall. Deshalb entscheiden wir gemeinsam von Fall zu Fall.<\/p>\n<p><strong>Wann?<\/strong><br \/>\nmonatlich bei mindestens 2 Anmeldungen (nur an Wochenenden)<\/p>\n<p><strong>Dauer?<\/strong><br \/>\nca. 6 Stunden mit Theorie, Beispielen und zahlreichen Aufgaben die es zu l\u00f6sen gilt.<\/p>\n","protected":false},"excerpt":{"rendered":"<p>Grundlagen der Fotografie: Was braucht es vom Knipser zum Fotografen? Nat\u00fcrlich ziemlich viel. Aber mit wenigen Schritten kannst du dich bereits von der Masse abheben.<\/p>\n","protected":false},"featured_media":5082,"template":"","meta":{"jetpack_post_was_ever_published":true},"product_brand":[],"product_cat":[59,51],"product_tag":[157,178,147],"class_list":{"0":"post-5080","1":"product","2":"type-product","3":"status-publish","4":"has-post-thumbnail","6":"product_cat-gutscheine","7":"product_cat-workshops","8":"product_tag-grundlagen-der-fotografie","9":"product_tag-wissen","10":"product_tag-workshop","12":"first","13":"instock","14":"virtual","15":"purchasable","16":"product-type-simple"},"yoast_head":"<!-- This site is optimized with the Yoast SEO plugin v27.4 - https:\/\/yoast.com\/product\/yoast-seo-wordpress\/ -->\n<title>Grundlagen der Fotografie &#8211; Fotograf in Luzern<\/title>\n<meta name=\"description\" content=\"Wie steige ich ein in die Fotografie oder wie kann ich besser werden? Einache Tipps helfen grundlegende Fehler zu vermeiden. Jetzt buchen!\" \/>\n<meta name=\"robots\" content=\"index, follow, max-snippet:-1, max-image-preview:large, max-video-preview:-1\" \/>\n<link rel=\"canonical\" href=\"https:\/\/evm.ch\/fotograf-in-luzern\/produkt\/grundlagen-der-fotografie\/\" \/>\n<meta property=\"og:locale\" content=\"de_DE\" \/>\n<meta property=\"og:type\" content=\"article\" \/>\n<meta property=\"og:title\" content=\"Grundlagen der Fotografie &#8211; Fotograf in Luzern\" \/>\n<meta property=\"og:description\" content=\"Wie steige ich ein in die Fotografie oder wie kann ich besser werden? Einache Tipps helfen grundlegende Fehler zu vermeiden. Jetzt buchen!\" \/>\n<meta property=\"og:url\" content=\"https:\/\/evm.ch\/fotograf-in-luzern\/produkt\/grundlagen-der-fotografie\/\" \/>\n<meta property=\"og:site_name\" content=\"Fotograf in Luzern\" \/>\n<meta property=\"article:modified_time\" content=\"2025-01-05T23:01:47+00:00\" \/>\n<meta property=\"og:image\" content=\"https:\/\/i0.wp.com\/evm.ch\/wp-content\/uploads\/2024\/01\/Grundlagen-1.jpg?fit=800%2C1000&ssl=1\" \/>\n\t<meta property=\"og:image:width\" content=\"800\" \/>\n\t<meta property=\"og:image:height\" content=\"1000\" \/>\n\t<meta property=\"og:image:type\" content=\"image\/jpeg\" \/>\n<meta name=\"twitter:card\" content=\"summary_large_image\" \/>\n<meta name=\"twitter:label1\" content=\"Gesch\u00e4tzte Lesezeit\" \/>\n\t<meta name=\"twitter:data1\" content=\"2\u00a0Minuten\" \/>\n<script type=\"application\/ld+json\" class=\"yoast-schema-graph\">{\"@context\":\"https:\\\/\\\/schema.org\",\"@graph\":[{\"@type\":\"WebPage\",\"@id\":\"https:\\\/\\\/evm.ch\\\/fotograf-in-luzern\\\/produkt\\\/grundlagen-der-fotografie\\\/\",\"url\":\"https:\\\/\\\/evm.ch\\\/fotograf-in-luzern\\\/produkt\\\/grundlagen-der-fotografie\\\/\",\"name\":\"Grundlagen der Fotografie &#8211; Fotograf in Luzern\",\"isPartOf\":{\"@id\":\"https:\\\/\\\/evm.ch\\\/fotograf-in-luzern\\\/#website\"},\"primaryImageOfPage\":{\"@id\":\"https:\\\/\\\/evm.ch\\\/fotograf-in-luzern\\\/produkt\\\/grundlagen-der-fotografie\\\/#primaryimage\"},\"image\":{\"@id\":\"https:\\\/\\\/evm.ch\\\/fotograf-in-luzern\\\/produkt\\\/grundlagen-der-fotografie\\\/#primaryimage\"},\"thumbnailUrl\":\"https:\\\/\\\/i0.wp.com\\\/evm.ch\\\/wp-content\\\/uploads\\\/2024\\\/01\\\/Grundlagen-1.jpg?fit=800%2C1000&ssl=1\",\"datePublished\":\"2024-01-08T19:33:18+00:00\",\"dateModified\":\"2025-01-05T23:01:47+00:00\",\"description\":\"Wie steige ich ein in die Fotografie oder wie kann ich besser werden? Einache Tipps helfen grundlegende Fehler zu vermeiden. Jetzt buchen!\",\"breadcrumb\":{\"@id\":\"https:\\\/\\\/evm.ch\\\/fotograf-in-luzern\\\/produkt\\\/grundlagen-der-fotografie\\\/#breadcrumb\"},\"inLanguage\":\"de\",\"potentialAction\":[{\"@type\":\"ReadAction\",\"target\":[\"https:\\\/\\\/evm.ch\\\/fotograf-in-luzern\\\/produkt\\\/grundlagen-der-fotografie\\\/\"]}]},{\"@type\":\"ImageObject\",\"inLanguage\":\"de\",\"@id\":\"https:\\\/\\\/evm.ch\\\/fotograf-in-luzern\\\/produkt\\\/grundlagen-der-fotografie\\\/#primaryimage\",\"url\":\"https:\\\/\\\/i0.wp.com\\\/evm.ch\\\/wp-content\\\/uploads\\\/2024\\\/01\\\/Grundlagen-1.jpg?fit=800%2C1000&ssl=1\",\"contentUrl\":\"https:\\\/\\\/i0.wp.com\\\/evm.ch\\\/wp-content\\\/uploads\\\/2024\\\/01\\\/Grundlagen-1.jpg?fit=800%2C1000&ssl=1\",\"width\":800,\"height\":1000},{\"@type\":\"BreadcrumbList\",\"@id\":\"https:\\\/\\\/evm.ch\\\/fotograf-in-luzern\\\/produkt\\\/grundlagen-der-fotografie\\\/#breadcrumb\",\"itemListElement\":[{\"@type\":\"ListItem\",\"position\":1,\"name\":\"Home\",\"item\":\"https:\\\/\\\/evm.ch\\\/fotograf-in-luzern\\\/\"},{\"@type\":\"ListItem\",\"position\":2,\"name\":\"Shop\",\"item\":\"https:\\\/\\\/evm.ch\\\/fotograf-in-luzern\\\/shop\\\/\"},{\"@type\":\"ListItem\",\"position\":3,\"name\":\"Grundlagen der Fotografie\"}]},{\"@type\":\"WebSite\",\"@id\":\"https:\\\/\\\/evm.ch\\\/fotograf-in-luzern\\\/#website\",\"url\":\"https:\\\/\\\/evm.ch\\\/fotograf-in-luzern\\\/\",\"name\":\"Fotograf in Luzern\",\"description\":\"\",\"publisher\":{\"@id\":\"https:\\\/\\\/evm.ch\\\/fotograf-in-luzern\\\/#organization\"},\"potentialAction\":[{\"@type\":\"SearchAction\",\"target\":{\"@type\":\"EntryPoint\",\"urlTemplate\":\"https:\\\/\\\/evm.ch\\\/fotograf-in-luzern\\\/?s={search_term_string}\"},\"query-input\":{\"@type\":\"PropertyValueSpecification\",\"valueRequired\":true,\"valueName\":\"search_term_string\"}}],\"inLanguage\":\"de\"},{\"@type\":\"Organization\",\"@id\":\"https:\\\/\\\/evm.ch\\\/fotograf-in-luzern\\\/#organization\",\"name\":\"Foto evm.ch\",\"url\":\"https:\\\/\\\/evm.ch\\\/fotograf-in-luzern\\\/\",\"logo\":{\"@type\":\"ImageObject\",\"inLanguage\":\"de\",\"@id\":\"https:\\\/\\\/evm.ch\\\/fotograf-in-luzern\\\/#\\\/schema\\\/logo\\\/image\\\/\",\"url\":\"https:\\\/\\\/evm.ch\\\/wp-content\\\/uploads\\\/2018\\\/12\\\/logo.png\",\"contentUrl\":\"https:\\\/\\\/evm.ch\\\/wp-content\\\/uploads\\\/2018\\\/12\\\/logo.png\",\"width\":270,\"height\":100,\"caption\":\"Foto evm.ch\"},\"image\":{\"@id\":\"https:\\\/\\\/evm.ch\\\/fotograf-in-luzern\\\/#\\\/schema\\\/logo\\\/image\\\/\"}}]}<\/script>\n<!-- \/ Yoast SEO plugin. -->","yoast_head_json":{"title":"Grundlagen der Fotografie &#8211; Fotograf in Luzern","description":"Wie steige ich ein in die Fotografie oder wie kann ich besser werden? Einache Tipps helfen grundlegende Fehler zu vermeiden. Jetzt buchen!","robots":{"index":"index","follow":"follow","max-snippet":"max-snippet:-1","max-image-preview":"max-image-preview:large","max-video-preview":"max-video-preview:-1"},"canonical":"https:\/\/evm.ch\/fotograf-in-luzern\/produkt\/grundlagen-der-fotografie\/","og_locale":"de_DE","og_type":"article","og_title":"Grundlagen der Fotografie &#8211; Fotograf in Luzern","og_description":"Wie steige ich ein in die Fotografie oder wie kann ich besser werden? Einache Tipps helfen grundlegende Fehler zu vermeiden. Jetzt buchen!","og_url":"https:\/\/evm.ch\/fotograf-in-luzern\/produkt\/grundlagen-der-fotografie\/","og_site_name":"Fotograf in Luzern","article_modified_time":"2025-01-05T23:01:47+00:00","og_image":[{"width":800,"height":1000,"url":"https:\/\/i0.wp.com\/evm.ch\/wp-content\/uploads\/2024\/01\/Grundlagen-1.jpg?fit=800%2C1000&ssl=1","type":"image\/jpeg"}],"twitter_card":"summary_large_image","twitter_misc":{"Gesch\u00e4tzte Lesezeit":"2\u00a0Minuten"},"schema":{"@context":"https:\/\/schema.org","@graph":[{"@type":"WebPage","@id":"https:\/\/evm.ch\/fotograf-in-luzern\/produkt\/grundlagen-der-fotografie\/","url":"https:\/\/evm.ch\/fotograf-in-luzern\/produkt\/grundlagen-der-fotografie\/","name":"Grundlagen der Fotografie &#8211; Fotograf in Luzern","isPartOf":{"@id":"https:\/\/evm.ch\/fotograf-in-luzern\/#website"},"primaryImageOfPage":{"@id":"https:\/\/evm.ch\/fotograf-in-luzern\/produkt\/grundlagen-der-fotografie\/#primaryimage"},"image":{"@id":"https:\/\/evm.ch\/fotograf-in-luzern\/produkt\/grundlagen-der-fotografie\/#primaryimage"},"thumbnailUrl":"https:\/\/i0.wp.com\/evm.ch\/wp-content\/uploads\/2024\/01\/Grundlagen-1.jpg?fit=800%2C1000&ssl=1","datePublished":"2024-01-08T19:33:18+00:00","dateModified":"2025-01-05T23:01:47+00:00","description":"Wie steige ich ein in die Fotografie oder wie kann ich besser werden? Einache Tipps helfen grundlegende Fehler zu vermeiden. Jetzt buchen!","breadcrumb":{"@id":"https:\/\/evm.ch\/fotograf-in-luzern\/produkt\/grundlagen-der-fotografie\/#breadcrumb"},"inLanguage":"de","potentialAction":[{"@type":"ReadAction","target":["https:\/\/evm.ch\/fotograf-in-luzern\/produkt\/grundlagen-der-fotografie\/"]}]},{"@type":"ImageObject","inLanguage":"de","@id":"https:\/\/evm.ch\/fotograf-in-luzern\/produkt\/grundlagen-der-fotografie\/#primaryimage","url":"https:\/\/i0.wp.com\/evm.ch\/wp-content\/uploads\/2024\/01\/Grundlagen-1.jpg?fit=800%2C1000&ssl=1","contentUrl":"https:\/\/i0.wp.com\/evm.ch\/wp-content\/uploads\/2024\/01\/Grundlagen-1.jpg?fit=800%2C1000&ssl=1","width":800,"height":1000},{"@type":"BreadcrumbList","@id":"https:\/\/evm.ch\/fotograf-in-luzern\/produkt\/grundlagen-der-fotografie\/#breadcrumb","itemListElement":[{"@type":"ListItem","position":1,"name":"Home","item":"https:\/\/evm.ch\/fotograf-in-luzern\/"},{"@type":"ListItem","position":2,"name":"Shop","item":"https:\/\/evm.ch\/fotograf-in-luzern\/shop\/"},{"@type":"ListItem","position":3,"name":"Grundlagen der Fotografie"}]},{"@type":"WebSite","@id":"https:\/\/evm.ch\/fotograf-in-luzern\/#website","url":"https:\/\/evm.ch\/fotograf-in-luzern\/","name":"Fotograf in Luzern","description":"","publisher":{"@id":"https:\/\/evm.ch\/fotograf-in-luzern\/#organization"},"potentialAction":[{"@type":"SearchAction","target":{"@type":"EntryPoint","urlTemplate":"https:\/\/evm.ch\/fotograf-in-luzern\/?s={search_term_string}"},"query-input":{"@type":"PropertyValueSpecification","valueRequired":true,"valueName":"search_term_string"}}],"inLanguage":"de"},{"@type":"Organization","@id":"https:\/\/evm.ch\/fotograf-in-luzern\/#organization","name":"Foto evm.ch","url":"https:\/\/evm.ch\/fotograf-in-luzern\/","logo":{"@type":"ImageObject","inLanguage":"de","@id":"https:\/\/evm.ch\/fotograf-in-luzern\/#\/schema\/logo\/image\/","url":"https:\/\/evm.ch\/wp-content\/uploads\/2018\/12\/logo.png","contentUrl":"https:\/\/evm.ch\/wp-content\/uploads\/2018\/12\/logo.png","width":270,"height":100,"caption":"Foto evm.ch"},"image":{"@id":"https:\/\/evm.ch\/fotograf-in-luzern\/#\/schema\/logo\/image\/"}}]}},"jetpack_sharing_enabled":true,"jetpack-related-posts":[],"_links":{"self":[{"href":"https:\/\/evm.ch\/fotograf-in-luzern\/wp-json\/wp\/v2\/product\/5080","targetHints":{"allow":["GET"]}}],"collection":[{"href":"https:\/\/evm.ch\/fotograf-in-luzern\/wp-json\/wp\/v2\/product"}],"about":[{"href":"https:\/\/evm.ch\/fotograf-in-luzern\/wp-json\/wp\/v2\/types\/product"}],"wp:featuredmedia":[{"embeddable":true,"href":"https:\/\/evm.ch\/fotograf-in-luzern\/wp-json\/wp\/v2\/media\/5082"}],"wp:attachment":[{"href":"https:\/\/evm.ch\/fotograf-in-luzern\/wp-json\/wp\/v2\/media?parent=5080"}],"wp:term":[{"taxonomy":"product_brand","embeddable":true,"href":"https:\/\/evm.ch\/fotograf-in-luzern\/wp-json\/wp\/v2\/product_brand?post=5080"},{"taxonomy":"product_cat","embeddable":true,"href":"https:\/\/evm.ch\/fotograf-in-luzern\/wp-json\/wp\/v2\/product_cat?post=5080"},{"taxonomy":"product_tag","embeddable":true,"href":"https:\/\/evm.ch\/fotograf-in-luzern\/wp-json\/wp\/v2\/product_tag?post=5080"}],"curies":[{"name":"wp","href":"https:\/\/api.w.org\/{rel}","templated":true}]}}