{"id":6704,"date":"2024-12-19T16:27:41","date_gmt":"2024-12-19T15:27:41","guid":{"rendered":"https:\/\/evm.ch\/fotograf-in-luzern\/?post_type=product&#038;p=6704"},"modified":"2025-01-01T00:01:43","modified_gmt":"2024-12-31T23:01:43","slug":"lichtspuren-eine-nacht-in-willisau","status":"publish","type":"product","link":"https:\/\/evm.ch\/fotograf-in-luzern\/produkt\/lichtspuren-eine-nacht-in-willisau\/","title":{"rendered":"Lichtspuren &#8211; eine Nacht in Willisau"},"content":{"rendered":"<p>Lichtspielereien mit den Strassenbeleuchtungen in der Altstadt von Willisau (LU). Die Bilder sind unbearbeitet. Die Bildsere eignet sich f\u00fcr grosse helle R\u00e4ume und weisse W\u00e4nde. Sie liefern intensive Farben in eine moderne Architektur. Die Farbfiguren ziehen den Betrachter magisch an.<\/p>\n<p>10602 x7278px gross<\/p>\n<p>Nach dem Kauf erhalten Sie einen Downloadlink zugestellt.<\/p>\n<div id=\"s3gt_translate_tooltip_mini\" class=\"s3gt_translate_tooltip_mini_box\" style=\"background: initial !important; border: initial !important; border-radius: initial !important; border-spacing: initial !important; border-collapse: initial !important; direction: ltr !important; flex-direction: initial !important; font-weight: initial !important; height: initial !important; letter-spacing: initial !important; min-width: initial !important; max-width: initial !important; min-height: initial !important; max-height: initial !important; margin: auto !important; outline: initial !important; padding: initial !important; position: absolute; table-layout: initial !important; text-align: initial !important; text-shadow: initial !important; width: initial !important; word-break: initial !important; word-spacing: initial !important; overflow-wrap: initial !important; box-sizing: initial !important; display: initial !important; color: inherit !important; font-size: 13px !important; font-family: X-LocaleSpecific, sans-serif, Tahoma, Helvetica !important; line-height: 13px !important; vertical-align: top !important; white-space: inherit !important; left: 368px; top: 59px; opacity: 0.05;\">\n<div id=\"s3gt_translate_tooltip_mini_logo\" class=\"s3gt_translate_tooltip_mini\" title=\"Markierten Text \u00fcbersetzen\"><\/div>\n<div id=\"s3gt_translate_tooltip_mini_sound\" class=\"s3gt_translate_tooltip_mini\" title=\"Abspielen\"><\/div>\n<div id=\"s3gt_translate_tooltip_mini_copy\" class=\"s3gt_translate_tooltip_mini\" title=\"In Zwischenablage kopieren\"><\/div>\n<\/div>\n","protected":false},"excerpt":{"rendered":"<p>Lichtspielereien mit den Strassenbeleuchtungen in der Altstadt von Willisau (LU). Die Bilder sind unbearbeitet. Die Bildsere eignet sich f\u00fcr grosse helle R\u00e4ume und weisse W\u00e4nde. Sie liefern intensive Farben in eine moderne Architektur. Die Farbfiguren ziehen den Betrachter magisch an. 10602 x7278px gross Nach dem Kauf erhalten Sie einen Downloadlink [&hellip;]<\/p>\n","protected":false},"featured_media":6705,"template":"","meta":{"jetpack_post_was_ever_published":true},"product_brand":[],"product_cat":[76],"product_tag":[100],"class_list":{"0":"post-6704","1":"product","2":"type-product","3":"status-publish","4":"has-post-thumbnail","6":"product_cat-3er-serrien","7":"product_tag-poster","9":"first","10":"instock","11":"shipping-taxable","12":"purchasable","13":"product-type-simple"},"yoast_head":"<!-- This site is optimized with the Yoast SEO plugin v27.4 - https:\/\/yoast.com\/product\/yoast-seo-wordpress\/ -->\n<title>Lichtspuren - eine Nacht in Willisau &#8211; Fotograf in Luzern<\/title>\n<meta name=\"description\" content=\"Light Power, die Dreierserie mit dynamischen Aufnahmen der Lichtspuren der Stadt Luzern.\" \/>\n<meta name=\"robots\" content=\"index, follow, max-snippet:-1, max-image-preview:large, max-video-preview:-1\" \/>\n<link rel=\"canonical\" href=\"https:\/\/evm.ch\/fotograf-in-luzern\/produkt\/lichtspuren-eine-nacht-in-willisau\/\" \/>\n<meta property=\"og:locale\" content=\"de_DE\" \/>\n<meta property=\"og:type\" content=\"article\" \/>\n<meta property=\"og:title\" content=\"Lichtspuren - eine Nacht in Willisau &#8211; Fotograf in Luzern\" \/>\n<meta property=\"og:description\" content=\"Light Power, die Dreierserie mit dynamischen Aufnahmen der Lichtspuren der Stadt Luzern.\" \/>\n<meta property=\"og:url\" content=\"https:\/\/evm.ch\/fotograf-in-luzern\/produkt\/lichtspuren-eine-nacht-in-willisau\/\" \/>\n<meta property=\"og:site_name\" content=\"Fotograf in Luzern\" \/>\n<meta property=\"article:modified_time\" content=\"2024-12-31T23:01:43+00:00\" \/>\n<meta property=\"og:image\" content=\"https:\/\/evm.ch\/wp-content\/uploads\/2024\/12\/Lichtspur5-1024x703.jpg\" \/>\n\t<meta property=\"og:image:width\" content=\"1024\" \/>\n\t<meta property=\"og:image:height\" content=\"703\" \/>\n\t<meta property=\"og:image:type\" content=\"image\/jpeg\" \/>\n<meta name=\"twitter:card\" content=\"summary_large_image\" \/>\n<meta name=\"twitter:label1\" content=\"Gesch\u00e4tzte Lesezeit\" \/>\n\t<meta name=\"twitter:data1\" content=\"1\u00a0Minute\" \/>\n<script type=\"application\/ld+json\" class=\"yoast-schema-graph\">{\"@context\":\"https:\\\/\\\/schema.org\",\"@graph\":[{\"@type\":\"WebPage\",\"@id\":\"https:\\\/\\\/evm.ch\\\/fotograf-in-luzern\\\/produkt\\\/lichtspuren-eine-nacht-in-willisau\\\/\",\"url\":\"https:\\\/\\\/evm.ch\\\/fotograf-in-luzern\\\/produkt\\\/lichtspuren-eine-nacht-in-willisau\\\/\",\"name\":\"Lichtspuren - eine Nacht in Willisau &#8211; Fotograf in Luzern\",\"isPartOf\":{\"@id\":\"https:\\\/\\\/evm.ch\\\/fotograf-in-luzern\\\/#website\"},\"primaryImageOfPage\":{\"@id\":\"https:\\\/\\\/evm.ch\\\/fotograf-in-luzern\\\/produkt\\\/lichtspuren-eine-nacht-in-willisau\\\/#primaryimage\"},\"image\":{\"@id\":\"https:\\\/\\\/evm.ch\\\/fotograf-in-luzern\\\/produkt\\\/lichtspuren-eine-nacht-in-willisau\\\/#primaryimage\"},\"thumbnailUrl\":\"https:\\\/\\\/i0.wp.com\\\/evm.ch\\\/wp-content\\\/uploads\\\/2024\\\/12\\\/Lichtspur5.jpg?fit=2000%2C1373&ssl=1\",\"datePublished\":\"2024-12-19T15:27:41+00:00\",\"dateModified\":\"2024-12-31T23:01:43+00:00\",\"description\":\"Light Power, die Dreierserie mit dynamischen Aufnahmen der Lichtspuren der Stadt Luzern.\",\"breadcrumb\":{\"@id\":\"https:\\\/\\\/evm.ch\\\/fotograf-in-luzern\\\/produkt\\\/lichtspuren-eine-nacht-in-willisau\\\/#breadcrumb\"},\"inLanguage\":\"de\",\"potentialAction\":[{\"@type\":\"ReadAction\",\"target\":[\"https:\\\/\\\/evm.ch\\\/fotograf-in-luzern\\\/produkt\\\/lichtspuren-eine-nacht-in-willisau\\\/\"]}]},{\"@type\":\"ImageObject\",\"inLanguage\":\"de\",\"@id\":\"https:\\\/\\\/evm.ch\\\/fotograf-in-luzern\\\/produkt\\\/lichtspuren-eine-nacht-in-willisau\\\/#primaryimage\",\"url\":\"https:\\\/\\\/i0.wp.com\\\/evm.ch\\\/wp-content\\\/uploads\\\/2024\\\/12\\\/Lichtspur5.jpg?fit=2000%2C1373&ssl=1\",\"contentUrl\":\"https:\\\/\\\/i0.wp.com\\\/evm.ch\\\/wp-content\\\/uploads\\\/2024\\\/12\\\/Lichtspur5.jpg?fit=2000%2C1373&ssl=1\",\"width\":2000,\"height\":1373},{\"@type\":\"BreadcrumbList\",\"@id\":\"https:\\\/\\\/evm.ch\\\/fotograf-in-luzern\\\/produkt\\\/lichtspuren-eine-nacht-in-willisau\\\/#breadcrumb\",\"itemListElement\":[{\"@type\":\"ListItem\",\"position\":1,\"name\":\"Home\",\"item\":\"https:\\\/\\\/evm.ch\\\/fotograf-in-luzern\\\/\"},{\"@type\":\"ListItem\",\"position\":2,\"name\":\"Shop\",\"item\":\"https:\\\/\\\/evm.ch\\\/fotograf-in-luzern\\\/shop\\\/\"},{\"@type\":\"ListItem\",\"position\":3,\"name\":\"Lichtspuren &#8211; eine Nacht in Willisau\"}]},{\"@type\":\"WebSite\",\"@id\":\"https:\\\/\\\/evm.ch\\\/fotograf-in-luzern\\\/#website\",\"url\":\"https:\\\/\\\/evm.ch\\\/fotograf-in-luzern\\\/\",\"name\":\"Fotograf in Luzern\",\"description\":\"\",\"publisher\":{\"@id\":\"https:\\\/\\\/evm.ch\\\/fotograf-in-luzern\\\/#organization\"},\"potentialAction\":[{\"@type\":\"SearchAction\",\"target\":{\"@type\":\"EntryPoint\",\"urlTemplate\":\"https:\\\/\\\/evm.ch\\\/fotograf-in-luzern\\\/?s={search_term_string}\"},\"query-input\":{\"@type\":\"PropertyValueSpecification\",\"valueRequired\":true,\"valueName\":\"search_term_string\"}}],\"inLanguage\":\"de\"},{\"@type\":\"Organization\",\"@id\":\"https:\\\/\\\/evm.ch\\\/fotograf-in-luzern\\\/#organization\",\"name\":\"Foto evm.ch\",\"url\":\"https:\\\/\\\/evm.ch\\\/fotograf-in-luzern\\\/\",\"logo\":{\"@type\":\"ImageObject\",\"inLanguage\":\"de\",\"@id\":\"https:\\\/\\\/evm.ch\\\/fotograf-in-luzern\\\/#\\\/schema\\\/logo\\\/image\\\/\",\"url\":\"https:\\\/\\\/evm.ch\\\/wp-content\\\/uploads\\\/2018\\\/12\\\/logo.png\",\"contentUrl\":\"https:\\\/\\\/evm.ch\\\/wp-content\\\/uploads\\\/2018\\\/12\\\/logo.png\",\"width\":270,\"height\":100,\"caption\":\"Foto evm.ch\"},\"image\":{\"@id\":\"https:\\\/\\\/evm.ch\\\/fotograf-in-luzern\\\/#\\\/schema\\\/logo\\\/image\\\/\"}}]}<\/script>\n<!-- \/ Yoast SEO plugin. -->","yoast_head_json":{"title":"Lichtspuren - eine Nacht in Willisau &#8211; Fotograf in Luzern","description":"Light Power, die Dreierserie mit dynamischen Aufnahmen der Lichtspuren der Stadt Luzern.","robots":{"index":"index","follow":"follow","max-snippet":"max-snippet:-1","max-image-preview":"max-image-preview:large","max-video-preview":"max-video-preview:-1"},"canonical":"https:\/\/evm.ch\/fotograf-in-luzern\/produkt\/lichtspuren-eine-nacht-in-willisau\/","og_locale":"de_DE","og_type":"article","og_title":"Lichtspuren - eine Nacht in Willisau &#8211; Fotograf in Luzern","og_description":"Light Power, die Dreierserie mit dynamischen Aufnahmen der Lichtspuren der Stadt Luzern.","og_url":"https:\/\/evm.ch\/fotograf-in-luzern\/produkt\/lichtspuren-eine-nacht-in-willisau\/","og_site_name":"Fotograf in Luzern","article_modified_time":"2024-12-31T23:01:43+00:00","og_image":[{"width":1024,"height":703,"url":"https:\/\/evm.ch\/wp-content\/uploads\/2024\/12\/Lichtspur5-1024x703.jpg","type":"image\/jpeg"}],"twitter_card":"summary_large_image","twitter_misc":{"Gesch\u00e4tzte Lesezeit":"1\u00a0Minute"},"schema":{"@context":"https:\/\/schema.org","@graph":[{"@type":"WebPage","@id":"https:\/\/evm.ch\/fotograf-in-luzern\/produkt\/lichtspuren-eine-nacht-in-willisau\/","url":"https:\/\/evm.ch\/fotograf-in-luzern\/produkt\/lichtspuren-eine-nacht-in-willisau\/","name":"Lichtspuren - eine Nacht in Willisau &#8211; Fotograf in Luzern","isPartOf":{"@id":"https:\/\/evm.ch\/fotograf-in-luzern\/#website"},"primaryImageOfPage":{"@id":"https:\/\/evm.ch\/fotograf-in-luzern\/produkt\/lichtspuren-eine-nacht-in-willisau\/#primaryimage"},"image":{"@id":"https:\/\/evm.ch\/fotograf-in-luzern\/produkt\/lichtspuren-eine-nacht-in-willisau\/#primaryimage"},"thumbnailUrl":"https:\/\/i0.wp.com\/evm.ch\/wp-content\/uploads\/2024\/12\/Lichtspur5.jpg?fit=2000%2C1373&ssl=1","datePublished":"2024-12-19T15:27:41+00:00","dateModified":"2024-12-31T23:01:43+00:00","description":"Light Power, die Dreierserie mit dynamischen Aufnahmen der Lichtspuren der Stadt Luzern.","breadcrumb":{"@id":"https:\/\/evm.ch\/fotograf-in-luzern\/produkt\/lichtspuren-eine-nacht-in-willisau\/#breadcrumb"},"inLanguage":"de","potentialAction":[{"@type":"ReadAction","target":["https:\/\/evm.ch\/fotograf-in-luzern\/produkt\/lichtspuren-eine-nacht-in-willisau\/"]}]},{"@type":"ImageObject","inLanguage":"de","@id":"https:\/\/evm.ch\/fotograf-in-luzern\/produkt\/lichtspuren-eine-nacht-in-willisau\/#primaryimage","url":"https:\/\/i0.wp.com\/evm.ch\/wp-content\/uploads\/2024\/12\/Lichtspur5.jpg?fit=2000%2C1373&ssl=1","contentUrl":"https:\/\/i0.wp.com\/evm.ch\/wp-content\/uploads\/2024\/12\/Lichtspur5.jpg?fit=2000%2C1373&ssl=1","width":2000,"height":1373},{"@type":"BreadcrumbList","@id":"https:\/\/evm.ch\/fotograf-in-luzern\/produkt\/lichtspuren-eine-nacht-in-willisau\/#breadcrumb","itemListElement":[{"@type":"ListItem","position":1,"name":"Home","item":"https:\/\/evm.ch\/fotograf-in-luzern\/"},{"@type":"ListItem","position":2,"name":"Shop","item":"https:\/\/evm.ch\/fotograf-in-luzern\/shop\/"},{"@type":"ListItem","position":3,"name":"Lichtspuren &#8211; eine Nacht in Willisau"}]},{"@type":"WebSite","@id":"https:\/\/evm.ch\/fotograf-in-luzern\/#website","url":"https:\/\/evm.ch\/fotograf-in-luzern\/","name":"Fotograf in Luzern","description":"","publisher":{"@id":"https:\/\/evm.ch\/fotograf-in-luzern\/#organization"},"potentialAction":[{"@type":"SearchAction","target":{"@type":"EntryPoint","urlTemplate":"https:\/\/evm.ch\/fotograf-in-luzern\/?s={search_term_string}"},"query-input":{"@type":"PropertyValueSpecification","valueRequired":true,"valueName":"search_term_string"}}],"inLanguage":"de"},{"@type":"Organization","@id":"https:\/\/evm.ch\/fotograf-in-luzern\/#organization","name":"Foto evm.ch","url":"https:\/\/evm.ch\/fotograf-in-luzern\/","logo":{"@type":"ImageObject","inLanguage":"de","@id":"https:\/\/evm.ch\/fotograf-in-luzern\/#\/schema\/logo\/image\/","url":"https:\/\/evm.ch\/wp-content\/uploads\/2018\/12\/logo.png","contentUrl":"https:\/\/evm.ch\/wp-content\/uploads\/2018\/12\/logo.png","width":270,"height":100,"caption":"Foto evm.ch"},"image":{"@id":"https:\/\/evm.ch\/fotograf-in-luzern\/#\/schema\/logo\/image\/"}}]}},"jetpack_sharing_enabled":true,"jetpack-related-posts":[],"_links":{"self":[{"href":"https:\/\/evm.ch\/fotograf-in-luzern\/wp-json\/wp\/v2\/product\/6704","targetHints":{"allow":["GET"]}}],"collection":[{"href":"https:\/\/evm.ch\/fotograf-in-luzern\/wp-json\/wp\/v2\/product"}],"about":[{"href":"https:\/\/evm.ch\/fotograf-in-luzern\/wp-json\/wp\/v2\/types\/product"}],"wp:featuredmedia":[{"embeddable":true,"href":"https:\/\/evm.ch\/fotograf-in-luzern\/wp-json\/wp\/v2\/media\/6705"}],"wp:attachment":[{"href":"https:\/\/evm.ch\/fotograf-in-luzern\/wp-json\/wp\/v2\/media?parent=6704"}],"wp:term":[{"taxonomy":"product_brand","embeddable":true,"href":"https:\/\/evm.ch\/fotograf-in-luzern\/wp-json\/wp\/v2\/product_brand?post=6704"},{"taxonomy":"product_cat","embeddable":true,"href":"https:\/\/evm.ch\/fotograf-in-luzern\/wp-json\/wp\/v2\/product_cat?post=6704"},{"taxonomy":"product_tag","embeddable":true,"href":"https:\/\/evm.ch\/fotograf-in-luzern\/wp-json\/wp\/v2\/product_tag?post=6704"}],"curies":[{"name":"wp","href":"https:\/\/api.w.org\/{rel}","templated":true}]}}