{"id":6936,"date":"2024-12-28T11:29:09","date_gmt":"2024-12-28T10:29:09","guid":{"rendered":"https:\/\/evm.ch\/fotograf-in-luzern\/?post_type=product&#038;p=6936"},"modified":"2024-12-28T12:12:28","modified_gmt":"2024-12-28T11:12:28","slug":"personal-foto-travel-guide","status":"publish","type":"product","link":"https:\/\/evm.ch\/fotograf-in-luzern\/produkt\/personal-foto-travel-guide\/","title":{"rendered":"Personal Foto &#8211; Travel Guide"},"content":{"rendered":"<p>Drei Tage Fotoreise individuell auf deine W\u00fcnsche abgestimmt durch die Schweiz. Ich Organisieren die Anreise, \u00dcbernachtung und die Aufnahmeorte gem\u00e4ss deinen W\u00fcnschen.<br \/>\nOb Zermatt, Genf, Z\u00fcrich, Luzern, Interlaken, St. Moriz, Andermatt usw.<\/p>\n<p>Beschreibe, was du sehen m\u00f6chtest, was du Fotografieren m\u00f6chtest. Egal ob Tieraufnahmen, Landschaften, Berege, die Milchstrasse, Architektur, ich organisiere f\u00fcr dich den Tripp. Gib mir ca. 6 Wochen Vorlaufzeit&#8230;<\/p>\n<p>exkl. Spesen.<\/p>\n<h2>Programm:<\/h2>\n<p>Das Programm wird individuell zusammengestellt und mir dir abgestimmt.<br \/>\nMein gesamtes Nikon Equipment steht dir kostenlos zur Verf\u00fcgung.<\/p>\n","protected":false},"excerpt":{"rendered":"<p>Buche jetzt eine dreit\u00e4gige Fotoreise durch die Schweiz.<\/p>\n","protected":false},"featured_media":6940,"template":"","meta":{"jetpack_post_was_ever_published":false},"product_brand":[],"product_cat":[51],"product_tag":[58,185,156,155,61,186],"class_list":{"0":"post-6936","1":"product","2":"type-product","3":"status-publish","4":"has-post-thumbnail","6":"product_cat-workshops","7":"product_tag-beratung","8":"product_tag-fotoreise","9":"product_tag-geschenk","10":"product_tag-gutschein","11":"product_tag-kursangebot","12":"product_tag-travelguide","14":"first","15":"instock","16":"virtual","17":"purchasable","18":"product-type-simple"},"yoast_head":"<!-- This site is optimized with the Yoast SEO plugin v27.4 - https:\/\/yoast.com\/product\/yoast-seo-wordpress\/ -->\n<title>Personal Foto - Travel Guide &#8211; Fotograf in Luzern<\/title>\n<meta name=\"robots\" content=\"index, follow, max-snippet:-1, max-image-preview:large, max-video-preview:-1\" \/>\n<link rel=\"canonical\" href=\"https:\/\/evm.ch\/fotograf-in-luzern\/produkt\/personal-foto-travel-guide\/\" \/>\n<meta property=\"og:locale\" content=\"de_DE\" \/>\n<meta property=\"og:type\" content=\"article\" \/>\n<meta property=\"og:title\" content=\"Personal Foto - Travel Guide &#8211; Fotograf in Luzern\" \/>\n<meta property=\"og:description\" content=\"Buche jetzt eine dreit\u00e4gige Fotoreise durch die Schweiz.\" \/>\n<meta property=\"og:url\" content=\"https:\/\/evm.ch\/fotograf-in-luzern\/produkt\/personal-foto-travel-guide\/\" \/>\n<meta property=\"og:site_name\" content=\"Fotograf in Luzern\" \/>\n<meta property=\"article:modified_time\" content=\"2024-12-28T11:12:28+00:00\" \/>\n<meta property=\"og:image\" content=\"https:\/\/i0.wp.com\/evm.ch\/wp-content\/uploads\/2024\/12\/zermatt.jpg?fit=1200%2C1222&ssl=1\" \/>\n\t<meta property=\"og:image:width\" content=\"1200\" \/>\n\t<meta property=\"og:image:height\" content=\"1222\" \/>\n\t<meta property=\"og:image:type\" content=\"image\/jpeg\" \/>\n<meta name=\"twitter:card\" content=\"summary_large_image\" \/>\n<meta name=\"twitter:label1\" content=\"Gesch\u00e4tzte Lesezeit\" \/>\n\t<meta name=\"twitter:data1\" content=\"2\u00a0Minuten\" \/>\n<script type=\"application\/ld+json\" class=\"yoast-schema-graph\">{\"@context\":\"https:\\\/\\\/schema.org\",\"@graph\":[{\"@type\":\"WebPage\",\"@id\":\"https:\\\/\\\/evm.ch\\\/fotograf-in-luzern\\\/produkt\\\/personal-foto-travel-guide\\\/\",\"url\":\"https:\\\/\\\/evm.ch\\\/fotograf-in-luzern\\\/produkt\\\/personal-foto-travel-guide\\\/\",\"name\":\"Personal Foto - Travel Guide &#8211; Fotograf in Luzern\",\"isPartOf\":{\"@id\":\"https:\\\/\\\/evm.ch\\\/fotograf-in-luzern\\\/#website\"},\"primaryImageOfPage\":{\"@id\":\"https:\\\/\\\/evm.ch\\\/fotograf-in-luzern\\\/produkt\\\/personal-foto-travel-guide\\\/#primaryimage\"},\"image\":{\"@id\":\"https:\\\/\\\/evm.ch\\\/fotograf-in-luzern\\\/produkt\\\/personal-foto-travel-guide\\\/#primaryimage\"},\"thumbnailUrl\":\"https:\\\/\\\/i0.wp.com\\\/evm.ch\\\/wp-content\\\/uploads\\\/2024\\\/12\\\/zermatt.jpg?fit=1200%2C1222&ssl=1\",\"datePublished\":\"2024-12-28T10:29:09+00:00\",\"dateModified\":\"2024-12-28T11:12:28+00:00\",\"breadcrumb\":{\"@id\":\"https:\\\/\\\/evm.ch\\\/fotograf-in-luzern\\\/produkt\\\/personal-foto-travel-guide\\\/#breadcrumb\"},\"inLanguage\":\"de\",\"potentialAction\":[{\"@type\":\"ReadAction\",\"target\":[\"https:\\\/\\\/evm.ch\\\/fotograf-in-luzern\\\/produkt\\\/personal-foto-travel-guide\\\/\"]}]},{\"@type\":\"ImageObject\",\"inLanguage\":\"de\",\"@id\":\"https:\\\/\\\/evm.ch\\\/fotograf-in-luzern\\\/produkt\\\/personal-foto-travel-guide\\\/#primaryimage\",\"url\":\"https:\\\/\\\/i0.wp.com\\\/evm.ch\\\/wp-content\\\/uploads\\\/2024\\\/12\\\/zermatt.jpg?fit=1200%2C1222&ssl=1\",\"contentUrl\":\"https:\\\/\\\/i0.wp.com\\\/evm.ch\\\/wp-content\\\/uploads\\\/2024\\\/12\\\/zermatt.jpg?fit=1200%2C1222&ssl=1\",\"width\":1200,\"height\":1222},{\"@type\":\"BreadcrumbList\",\"@id\":\"https:\\\/\\\/evm.ch\\\/fotograf-in-luzern\\\/produkt\\\/personal-foto-travel-guide\\\/#breadcrumb\",\"itemListElement\":[{\"@type\":\"ListItem\",\"position\":1,\"name\":\"Home\",\"item\":\"https:\\\/\\\/evm.ch\\\/fotograf-in-luzern\\\/\"},{\"@type\":\"ListItem\",\"position\":2,\"name\":\"Shop\",\"item\":\"https:\\\/\\\/evm.ch\\\/fotograf-in-luzern\\\/shop\\\/\"},{\"@type\":\"ListItem\",\"position\":3,\"name\":\"Personal Foto &#8211; Travel Guide\"}]},{\"@type\":\"WebSite\",\"@id\":\"https:\\\/\\\/evm.ch\\\/fotograf-in-luzern\\\/#website\",\"url\":\"https:\\\/\\\/evm.ch\\\/fotograf-in-luzern\\\/\",\"name\":\"Fotograf in Luzern\",\"description\":\"\",\"publisher\":{\"@id\":\"https:\\\/\\\/evm.ch\\\/fotograf-in-luzern\\\/#organization\"},\"potentialAction\":[{\"@type\":\"SearchAction\",\"target\":{\"@type\":\"EntryPoint\",\"urlTemplate\":\"https:\\\/\\\/evm.ch\\\/fotograf-in-luzern\\\/?s={search_term_string}\"},\"query-input\":{\"@type\":\"PropertyValueSpecification\",\"valueRequired\":true,\"valueName\":\"search_term_string\"}}],\"inLanguage\":\"de\"},{\"@type\":\"Organization\",\"@id\":\"https:\\\/\\\/evm.ch\\\/fotograf-in-luzern\\\/#organization\",\"name\":\"Foto evm.ch\",\"url\":\"https:\\\/\\\/evm.ch\\\/fotograf-in-luzern\\\/\",\"logo\":{\"@type\":\"ImageObject\",\"inLanguage\":\"de\",\"@id\":\"https:\\\/\\\/evm.ch\\\/fotograf-in-luzern\\\/#\\\/schema\\\/logo\\\/image\\\/\",\"url\":\"https:\\\/\\\/evm.ch\\\/wp-content\\\/uploads\\\/2018\\\/12\\\/logo.png\",\"contentUrl\":\"https:\\\/\\\/evm.ch\\\/wp-content\\\/uploads\\\/2018\\\/12\\\/logo.png\",\"width\":270,\"height\":100,\"caption\":\"Foto evm.ch\"},\"image\":{\"@id\":\"https:\\\/\\\/evm.ch\\\/fotograf-in-luzern\\\/#\\\/schema\\\/logo\\\/image\\\/\"}}]}<\/script>\n<!-- \/ Yoast SEO plugin. -->","yoast_head_json":{"title":"Personal Foto - Travel Guide &#8211; Fotograf in Luzern","robots":{"index":"index","follow":"follow","max-snippet":"max-snippet:-1","max-image-preview":"max-image-preview:large","max-video-preview":"max-video-preview:-1"},"canonical":"https:\/\/evm.ch\/fotograf-in-luzern\/produkt\/personal-foto-travel-guide\/","og_locale":"de_DE","og_type":"article","og_title":"Personal Foto - Travel Guide &#8211; Fotograf in Luzern","og_description":"Buche jetzt eine dreit\u00e4gige Fotoreise durch die Schweiz.","og_url":"https:\/\/evm.ch\/fotograf-in-luzern\/produkt\/personal-foto-travel-guide\/","og_site_name":"Fotograf in Luzern","article_modified_time":"2024-12-28T11:12:28+00:00","og_image":[{"width":1200,"height":1222,"url":"https:\/\/i0.wp.com\/evm.ch\/wp-content\/uploads\/2024\/12\/zermatt.jpg?fit=1200%2C1222&ssl=1","type":"image\/jpeg"}],"twitter_card":"summary_large_image","twitter_misc":{"Gesch\u00e4tzte Lesezeit":"2\u00a0Minuten"},"schema":{"@context":"https:\/\/schema.org","@graph":[{"@type":"WebPage","@id":"https:\/\/evm.ch\/fotograf-in-luzern\/produkt\/personal-foto-travel-guide\/","url":"https:\/\/evm.ch\/fotograf-in-luzern\/produkt\/personal-foto-travel-guide\/","name":"Personal Foto - Travel Guide &#8211; Fotograf in Luzern","isPartOf":{"@id":"https:\/\/evm.ch\/fotograf-in-luzern\/#website"},"primaryImageOfPage":{"@id":"https:\/\/evm.ch\/fotograf-in-luzern\/produkt\/personal-foto-travel-guide\/#primaryimage"},"image":{"@id":"https:\/\/evm.ch\/fotograf-in-luzern\/produkt\/personal-foto-travel-guide\/#primaryimage"},"thumbnailUrl":"https:\/\/i0.wp.com\/evm.ch\/wp-content\/uploads\/2024\/12\/zermatt.jpg?fit=1200%2C1222&ssl=1","datePublished":"2024-12-28T10:29:09+00:00","dateModified":"2024-12-28T11:12:28+00:00","breadcrumb":{"@id":"https:\/\/evm.ch\/fotograf-in-luzern\/produkt\/personal-foto-travel-guide\/#breadcrumb"},"inLanguage":"de","potentialAction":[{"@type":"ReadAction","target":["https:\/\/evm.ch\/fotograf-in-luzern\/produkt\/personal-foto-travel-guide\/"]}]},{"@type":"ImageObject","inLanguage":"de","@id":"https:\/\/evm.ch\/fotograf-in-luzern\/produkt\/personal-foto-travel-guide\/#primaryimage","url":"https:\/\/i0.wp.com\/evm.ch\/wp-content\/uploads\/2024\/12\/zermatt.jpg?fit=1200%2C1222&ssl=1","contentUrl":"https:\/\/i0.wp.com\/evm.ch\/wp-content\/uploads\/2024\/12\/zermatt.jpg?fit=1200%2C1222&ssl=1","width":1200,"height":1222},{"@type":"BreadcrumbList","@id":"https:\/\/evm.ch\/fotograf-in-luzern\/produkt\/personal-foto-travel-guide\/#breadcrumb","itemListElement":[{"@type":"ListItem","position":1,"name":"Home","item":"https:\/\/evm.ch\/fotograf-in-luzern\/"},{"@type":"ListItem","position":2,"name":"Shop","item":"https:\/\/evm.ch\/fotograf-in-luzern\/shop\/"},{"@type":"ListItem","position":3,"name":"Personal Foto &#8211; Travel Guide"}]},{"@type":"WebSite","@id":"https:\/\/evm.ch\/fotograf-in-luzern\/#website","url":"https:\/\/evm.ch\/fotograf-in-luzern\/","name":"Fotograf in Luzern","description":"","publisher":{"@id":"https:\/\/evm.ch\/fotograf-in-luzern\/#organization"},"potentialAction":[{"@type":"SearchAction","target":{"@type":"EntryPoint","urlTemplate":"https:\/\/evm.ch\/fotograf-in-luzern\/?s={search_term_string}"},"query-input":{"@type":"PropertyValueSpecification","valueRequired":true,"valueName":"search_term_string"}}],"inLanguage":"de"},{"@type":"Organization","@id":"https:\/\/evm.ch\/fotograf-in-luzern\/#organization","name":"Foto evm.ch","url":"https:\/\/evm.ch\/fotograf-in-luzern\/","logo":{"@type":"ImageObject","inLanguage":"de","@id":"https:\/\/evm.ch\/fotograf-in-luzern\/#\/schema\/logo\/image\/","url":"https:\/\/evm.ch\/wp-content\/uploads\/2018\/12\/logo.png","contentUrl":"https:\/\/evm.ch\/wp-content\/uploads\/2018\/12\/logo.png","width":270,"height":100,"caption":"Foto evm.ch"},"image":{"@id":"https:\/\/evm.ch\/fotograf-in-luzern\/#\/schema\/logo\/image\/"}}]}},"jetpack_sharing_enabled":true,"jetpack-related-posts":[],"_links":{"self":[{"href":"https:\/\/evm.ch\/fotograf-in-luzern\/wp-json\/wp\/v2\/product\/6936","targetHints":{"allow":["GET"]}}],"collection":[{"href":"https:\/\/evm.ch\/fotograf-in-luzern\/wp-json\/wp\/v2\/product"}],"about":[{"href":"https:\/\/evm.ch\/fotograf-in-luzern\/wp-json\/wp\/v2\/types\/product"}],"wp:featuredmedia":[{"embeddable":true,"href":"https:\/\/evm.ch\/fotograf-in-luzern\/wp-json\/wp\/v2\/media\/6940"}],"wp:attachment":[{"href":"https:\/\/evm.ch\/fotograf-in-luzern\/wp-json\/wp\/v2\/media?parent=6936"}],"wp:term":[{"taxonomy":"product_brand","embeddable":true,"href":"https:\/\/evm.ch\/fotograf-in-luzern\/wp-json\/wp\/v2\/product_brand?post=6936"},{"taxonomy":"product_cat","embeddable":true,"href":"https:\/\/evm.ch\/fotograf-in-luzern\/wp-json\/wp\/v2\/product_cat?post=6936"},{"taxonomy":"product_tag","embeddable":true,"href":"https:\/\/evm.ch\/fotograf-in-luzern\/wp-json\/wp\/v2\/product_tag?post=6936"}],"curies":[{"name":"wp","href":"https:\/\/api.w.org\/{rel}","templated":true}]}}