{"id":7918,"date":"2025-07-21T14:21:54","date_gmt":"2025-07-21T12:21:54","guid":{"rendered":"https:\/\/evm.ch\/fotograf-in-luzern\/?post_type=product&#038;p=7918"},"modified":"2025-07-21T14:33:27","modified_gmt":"2025-07-21T12:33:27","slug":"die-voegel","status":"publish","type":"product","link":"https:\/\/evm.ch\/fotograf-in-luzern\/produkt\/die-voegel\/","title":{"rendered":"Die V\u00f6gel"},"content":{"rendered":"<p>Teilnehmer begrenzt auf maximal 3 Personen. Dauer 3-4 Stunden.<\/p>\n<p>V\u00f6gel zu fotografieren ist aktuell in Mode. Dies hat sicher damit zu tun, dass V\u00f6gel nicht auf ihr Recht am Bild pochen und dass diese \u00fcberall und w\u00e4hrend dem ganzen Jahr zur Verf\u00fcng stehen. Es macht allerdings einen Unterschied, ob du Sperlinge oder St\u00f6rche fotografieren willst. Ich zeige dir die Technik, den richtigen Umgang mit der Ausr\u00fcstung und gebe dir Tipps und Tricks.<\/p>\n<p>Wir definieren gemeinsam deinen\/euren Wunschtermin und bestimmen das Level und die Location.<\/p>\n","protected":false},"excerpt":{"rendered":"<p>V\u00f6gel zu fotografieren ist aktuell in Mode. Dies hat sicher damit zu tun, dass V\u00f6gel nicht auf ihr Recht am Bild pochen und dass diese \u00fcberall zur Verf\u00fcng stehen. Es macht allerdings einen Unterschied, ob du Sperline oder St\u00f6rche fotografieren willst.<\/p>\n<p>Klar ist, du musst Geduld haben und wenn es drauf ankommt die Ger\u00e4te beherrschen. Oft hilft auch Vorbereitug \u00fcber mehrere Tage.<\/p>\n<p>Wie immer darfst du kostenlos mein gesammtest Equipment mitbenutzen. Vom Fish-Eye bis zum 600mm steht alles zur Verf\u00fcgung.<\/p>\n","protected":false},"featured_media":7919,"template":"","meta":{"jetpack_post_was_ever_published":false},"product_brand":[],"product_cat":[51],"product_tag":[193,198,147],"class_list":{"0":"post-7918","1":"product","2":"type-product","3":"status-publish","4":"has-post-thumbnail","6":"product_cat-workshops","7":"product_tag-fisheye","8":"product_tag-vogel","9":"product_tag-workshop","11":"first","12":"instock","13":"virtual","14":"purchasable","15":"product-type-simple"},"yoast_head":"<!-- This site is optimized with the Yoast SEO plugin v27.4 - https:\/\/yoast.com\/product\/yoast-seo-wordpress\/ -->\n<title>Die V\u00f6gel &#8211; Fotograf in Luzern<\/title>\n<meta name=\"robots\" content=\"index, follow, max-snippet:-1, max-image-preview:large, max-video-preview:-1\" \/>\n<link rel=\"canonical\" href=\"https:\/\/evm.ch\/fotograf-in-luzern\/produkt\/die-voegel\/\" \/>\n<meta property=\"og:locale\" content=\"de_DE\" \/>\n<meta property=\"og:type\" content=\"article\" \/>\n<meta property=\"og:title\" content=\"Die V\u00f6gel &#8211; Fotograf in Luzern\" \/>\n<meta property=\"og:description\" content=\"V\u00f6gel zu fotografieren ist aktuell in Mode. Dies hat sicher damit zu tun, dass V\u00f6gel nicht auf ihr Recht am Bild pochen und dass diese \u00fcberall zur Verf\u00fcng stehen. Es macht allerdings einen Unterschied, ob du Sperline oder St\u00f6rche fotografieren willst.  Klar ist, du musst Geduld haben und wenn es drauf ankommt die Ger\u00e4te beherrschen. Oft hilft auch Vorbereitug \u00fcber mehrere Tage.  Wie immer darfst du kostenlos mein gesammtest Equipment mitbenutzen. Vom Fish-Eye bis zum 600mm steht alles zur Verf\u00fcgung.\" \/>\n<meta property=\"og:url\" content=\"https:\/\/evm.ch\/fotograf-in-luzern\/produkt\/die-voegel\/\" \/>\n<meta property=\"og:site_name\" content=\"Fotograf in Luzern\" \/>\n<meta property=\"article:modified_time\" content=\"2025-07-21T12:33:27+00:00\" \/>\n<meta property=\"og:image\" content=\"https:\/\/i0.wp.com\/evm.ch\/wp-content\/uploads\/2025\/07\/dievoegel.jpg?fit=1600%2C2000&ssl=1\" \/>\n\t<meta property=\"og:image:width\" content=\"1600\" \/>\n\t<meta property=\"og:image:height\" content=\"2000\" \/>\n\t<meta property=\"og:image:type\" content=\"image\/jpeg\" \/>\n<meta name=\"twitter:card\" content=\"summary_large_image\" \/>\n<meta name=\"twitter:label1\" content=\"Gesch\u00e4tzte Lesezeit\" \/>\n\t<meta name=\"twitter:data1\" content=\"2\u00a0Minuten\" \/>\n<script type=\"application\/ld+json\" class=\"yoast-schema-graph\">{\"@context\":\"https:\\\/\\\/schema.org\",\"@graph\":[{\"@type\":\"WebPage\",\"@id\":\"https:\\\/\\\/evm.ch\\\/fotograf-in-luzern\\\/produkt\\\/die-voegel\\\/\",\"url\":\"https:\\\/\\\/evm.ch\\\/fotograf-in-luzern\\\/produkt\\\/die-voegel\\\/\",\"name\":\"Die V\u00f6gel &#8211; Fotograf in Luzern\",\"isPartOf\":{\"@id\":\"https:\\\/\\\/evm.ch\\\/fotograf-in-luzern\\\/#website\"},\"primaryImageOfPage\":{\"@id\":\"https:\\\/\\\/evm.ch\\\/fotograf-in-luzern\\\/produkt\\\/die-voegel\\\/#primaryimage\"},\"image\":{\"@id\":\"https:\\\/\\\/evm.ch\\\/fotograf-in-luzern\\\/produkt\\\/die-voegel\\\/#primaryimage\"},\"thumbnailUrl\":\"https:\\\/\\\/i0.wp.com\\\/evm.ch\\\/wp-content\\\/uploads\\\/2025\\\/07\\\/dievoegel.jpg?fit=1600%2C2000&ssl=1\",\"datePublished\":\"2025-07-21T12:21:54+00:00\",\"dateModified\":\"2025-07-21T12:33:27+00:00\",\"breadcrumb\":{\"@id\":\"https:\\\/\\\/evm.ch\\\/fotograf-in-luzern\\\/produkt\\\/die-voegel\\\/#breadcrumb\"},\"inLanguage\":\"de\",\"potentialAction\":[{\"@type\":\"ReadAction\",\"target\":[\"https:\\\/\\\/evm.ch\\\/fotograf-in-luzern\\\/produkt\\\/die-voegel\\\/\"]}]},{\"@type\":\"ImageObject\",\"inLanguage\":\"de\",\"@id\":\"https:\\\/\\\/evm.ch\\\/fotograf-in-luzern\\\/produkt\\\/die-voegel\\\/#primaryimage\",\"url\":\"https:\\\/\\\/i0.wp.com\\\/evm.ch\\\/wp-content\\\/uploads\\\/2025\\\/07\\\/dievoegel.jpg?fit=1600%2C2000&ssl=1\",\"contentUrl\":\"https:\\\/\\\/i0.wp.com\\\/evm.ch\\\/wp-content\\\/uploads\\\/2025\\\/07\\\/dievoegel.jpg?fit=1600%2C2000&ssl=1\",\"width\":1600,\"height\":2000},{\"@type\":\"BreadcrumbList\",\"@id\":\"https:\\\/\\\/evm.ch\\\/fotograf-in-luzern\\\/produkt\\\/die-voegel\\\/#breadcrumb\",\"itemListElement\":[{\"@type\":\"ListItem\",\"position\":1,\"name\":\"Home\",\"item\":\"https:\\\/\\\/evm.ch\\\/fotograf-in-luzern\\\/\"},{\"@type\":\"ListItem\",\"position\":2,\"name\":\"Shop\",\"item\":\"https:\\\/\\\/evm.ch\\\/fotograf-in-luzern\\\/shop\\\/\"},{\"@type\":\"ListItem\",\"position\":3,\"name\":\"Die V\u00f6gel\"}]},{\"@type\":\"WebSite\",\"@id\":\"https:\\\/\\\/evm.ch\\\/fotograf-in-luzern\\\/#website\",\"url\":\"https:\\\/\\\/evm.ch\\\/fotograf-in-luzern\\\/\",\"name\":\"Fotograf in Luzern\",\"description\":\"\",\"publisher\":{\"@id\":\"https:\\\/\\\/evm.ch\\\/fotograf-in-luzern\\\/#organization\"},\"potentialAction\":[{\"@type\":\"SearchAction\",\"target\":{\"@type\":\"EntryPoint\",\"urlTemplate\":\"https:\\\/\\\/evm.ch\\\/fotograf-in-luzern\\\/?s={search_term_string}\"},\"query-input\":{\"@type\":\"PropertyValueSpecification\",\"valueRequired\":true,\"valueName\":\"search_term_string\"}}],\"inLanguage\":\"de\"},{\"@type\":\"Organization\",\"@id\":\"https:\\\/\\\/evm.ch\\\/fotograf-in-luzern\\\/#organization\",\"name\":\"Foto evm.ch\",\"url\":\"https:\\\/\\\/evm.ch\\\/fotograf-in-luzern\\\/\",\"logo\":{\"@type\":\"ImageObject\",\"inLanguage\":\"de\",\"@id\":\"https:\\\/\\\/evm.ch\\\/fotograf-in-luzern\\\/#\\\/schema\\\/logo\\\/image\\\/\",\"url\":\"https:\\\/\\\/evm.ch\\\/wp-content\\\/uploads\\\/2018\\\/12\\\/logo.png\",\"contentUrl\":\"https:\\\/\\\/evm.ch\\\/wp-content\\\/uploads\\\/2018\\\/12\\\/logo.png\",\"width\":270,\"height\":100,\"caption\":\"Foto evm.ch\"},\"image\":{\"@id\":\"https:\\\/\\\/evm.ch\\\/fotograf-in-luzern\\\/#\\\/schema\\\/logo\\\/image\\\/\"}}]}<\/script>\n<!-- \/ Yoast SEO plugin. -->","yoast_head_json":{"title":"Die V\u00f6gel &#8211; Fotograf in Luzern","robots":{"index":"index","follow":"follow","max-snippet":"max-snippet:-1","max-image-preview":"max-image-preview:large","max-video-preview":"max-video-preview:-1"},"canonical":"https:\/\/evm.ch\/fotograf-in-luzern\/produkt\/die-voegel\/","og_locale":"de_DE","og_type":"article","og_title":"Die V\u00f6gel &#8211; Fotograf in Luzern","og_description":"V\u00f6gel zu fotografieren ist aktuell in Mode. Dies hat sicher damit zu tun, dass V\u00f6gel nicht auf ihr Recht am Bild pochen und dass diese \u00fcberall zur Verf\u00fcng stehen. Es macht allerdings einen Unterschied, ob du Sperline oder St\u00f6rche fotografieren willst.  Klar ist, du musst Geduld haben und wenn es drauf ankommt die Ger\u00e4te beherrschen. Oft hilft auch Vorbereitug \u00fcber mehrere Tage.  Wie immer darfst du kostenlos mein gesammtest Equipment mitbenutzen. Vom Fish-Eye bis zum 600mm steht alles zur Verf\u00fcgung.","og_url":"https:\/\/evm.ch\/fotograf-in-luzern\/produkt\/die-voegel\/","og_site_name":"Fotograf in Luzern","article_modified_time":"2025-07-21T12:33:27+00:00","og_image":[{"width":1600,"height":2000,"url":"https:\/\/i0.wp.com\/evm.ch\/wp-content\/uploads\/2025\/07\/dievoegel.jpg?fit=1600%2C2000&ssl=1","type":"image\/jpeg"}],"twitter_card":"summary_large_image","twitter_misc":{"Gesch\u00e4tzte Lesezeit":"2\u00a0Minuten"},"schema":{"@context":"https:\/\/schema.org","@graph":[{"@type":"WebPage","@id":"https:\/\/evm.ch\/fotograf-in-luzern\/produkt\/die-voegel\/","url":"https:\/\/evm.ch\/fotograf-in-luzern\/produkt\/die-voegel\/","name":"Die V\u00f6gel &#8211; Fotograf in Luzern","isPartOf":{"@id":"https:\/\/evm.ch\/fotograf-in-luzern\/#website"},"primaryImageOfPage":{"@id":"https:\/\/evm.ch\/fotograf-in-luzern\/produkt\/die-voegel\/#primaryimage"},"image":{"@id":"https:\/\/evm.ch\/fotograf-in-luzern\/produkt\/die-voegel\/#primaryimage"},"thumbnailUrl":"https:\/\/i0.wp.com\/evm.ch\/wp-content\/uploads\/2025\/07\/dievoegel.jpg?fit=1600%2C2000&ssl=1","datePublished":"2025-07-21T12:21:54+00:00","dateModified":"2025-07-21T12:33:27+00:00","breadcrumb":{"@id":"https:\/\/evm.ch\/fotograf-in-luzern\/produkt\/die-voegel\/#breadcrumb"},"inLanguage":"de","potentialAction":[{"@type":"ReadAction","target":["https:\/\/evm.ch\/fotograf-in-luzern\/produkt\/die-voegel\/"]}]},{"@type":"ImageObject","inLanguage":"de","@id":"https:\/\/evm.ch\/fotograf-in-luzern\/produkt\/die-voegel\/#primaryimage","url":"https:\/\/i0.wp.com\/evm.ch\/wp-content\/uploads\/2025\/07\/dievoegel.jpg?fit=1600%2C2000&ssl=1","contentUrl":"https:\/\/i0.wp.com\/evm.ch\/wp-content\/uploads\/2025\/07\/dievoegel.jpg?fit=1600%2C2000&ssl=1","width":1600,"height":2000},{"@type":"BreadcrumbList","@id":"https:\/\/evm.ch\/fotograf-in-luzern\/produkt\/die-voegel\/#breadcrumb","itemListElement":[{"@type":"ListItem","position":1,"name":"Home","item":"https:\/\/evm.ch\/fotograf-in-luzern\/"},{"@type":"ListItem","position":2,"name":"Shop","item":"https:\/\/evm.ch\/fotograf-in-luzern\/shop\/"},{"@type":"ListItem","position":3,"name":"Die V\u00f6gel"}]},{"@type":"WebSite","@id":"https:\/\/evm.ch\/fotograf-in-luzern\/#website","url":"https:\/\/evm.ch\/fotograf-in-luzern\/","name":"Fotograf in Luzern","description":"","publisher":{"@id":"https:\/\/evm.ch\/fotograf-in-luzern\/#organization"},"potentialAction":[{"@type":"SearchAction","target":{"@type":"EntryPoint","urlTemplate":"https:\/\/evm.ch\/fotograf-in-luzern\/?s={search_term_string}"},"query-input":{"@type":"PropertyValueSpecification","valueRequired":true,"valueName":"search_term_string"}}],"inLanguage":"de"},{"@type":"Organization","@id":"https:\/\/evm.ch\/fotograf-in-luzern\/#organization","name":"Foto evm.ch","url":"https:\/\/evm.ch\/fotograf-in-luzern\/","logo":{"@type":"ImageObject","inLanguage":"de","@id":"https:\/\/evm.ch\/fotograf-in-luzern\/#\/schema\/logo\/image\/","url":"https:\/\/evm.ch\/wp-content\/uploads\/2018\/12\/logo.png","contentUrl":"https:\/\/evm.ch\/wp-content\/uploads\/2018\/12\/logo.png","width":270,"height":100,"caption":"Foto evm.ch"},"image":{"@id":"https:\/\/evm.ch\/fotograf-in-luzern\/#\/schema\/logo\/image\/"}}]}},"jetpack_sharing_enabled":true,"jetpack-related-posts":[],"_links":{"self":[{"href":"https:\/\/evm.ch\/fotograf-in-luzern\/wp-json\/wp\/v2\/product\/7918","targetHints":{"allow":["GET"]}}],"collection":[{"href":"https:\/\/evm.ch\/fotograf-in-luzern\/wp-json\/wp\/v2\/product"}],"about":[{"href":"https:\/\/evm.ch\/fotograf-in-luzern\/wp-json\/wp\/v2\/types\/product"}],"wp:featuredmedia":[{"embeddable":true,"href":"https:\/\/evm.ch\/fotograf-in-luzern\/wp-json\/wp\/v2\/media\/7919"}],"wp:attachment":[{"href":"https:\/\/evm.ch\/fotograf-in-luzern\/wp-json\/wp\/v2\/media?parent=7918"}],"wp:term":[{"taxonomy":"product_brand","embeddable":true,"href":"https:\/\/evm.ch\/fotograf-in-luzern\/wp-json\/wp\/v2\/product_brand?post=7918"},{"taxonomy":"product_cat","embeddable":true,"href":"https:\/\/evm.ch\/fotograf-in-luzern\/wp-json\/wp\/v2\/product_cat?post=7918"},{"taxonomy":"product_tag","embeddable":true,"href":"https:\/\/evm.ch\/fotograf-in-luzern\/wp-json\/wp\/v2\/product_tag?post=7918"}],"curies":[{"name":"wp","href":"https:\/\/api.w.org\/{rel}","templated":true}]}}