{"id":8191,"date":"2025-11-02T15:03:25","date_gmt":"2025-11-02T14:03:25","guid":{"rendered":"https:\/\/evm.ch\/fotograf-in-luzern\/?post_type=product&#038;p=8191"},"modified":"2025-11-02T15:29:23","modified_gmt":"2025-11-02T14:29:23","slug":"personality-people-shooting-mit-ausdruck","status":"publish","type":"product","link":"https:\/\/evm.ch\/fotograf-in-luzern\/produkt\/personality-people-shooting-mit-ausdruck\/","title":{"rendered":"Personality \u2013 People Shooting mit Ausdruck."},"content":{"rendered":"<p>Beim <strong data-start=\"1185\" data-end=\"1211\">\u201ePersonality Shooting\u201c<\/strong> bekommst du Portraits, die wirken \u2013 echt, selbstbewusst und unverwechselbar.<br data-start=\"1288\" data-end=\"1291\" \/>Ob modern, nat\u00fcrlich oder ausdrucksstark \u2013 wir gestalten gemeinsam Bilder, die dich so zeigen, wie du dich f\u00fchlst.<br data-start=\"1405\" data-end=\"1408\" \/>F\u00fcr dich. F\u00fcr deinen Auftritt. F\u00fcr deinen Moment.<\/p>\n<p>Dieses Shooting findet <strong data-start=\"856\" data-end=\"875\">nicht im Studio<\/strong>, sondern <strong data-start=\"885\" data-end=\"900\">on location<\/strong> statt \u2013 in deiner vertrauten Umgebung oder an einem individuell gew\u00e4hlten Ort.<br data-start=\"979\" data-end=\"982\" \/>Mit nat\u00fcrlichem Licht und Gesp\u00fcr f\u00fcr Ausdruck entstehen Bilder, die deine Pers\u00f6nlichkeit sichtbar machen \u2013 professionell, authentisch und mit Stil.<\/p>\n<p><strong>Zeitbedarf:<\/strong><br \/>\n1 Stunde einrichten on Location<br \/>\n1 Stunde Shooting<\/p>\n<p>&nbsp;<\/p>\n","protected":false},"excerpt":{"rendered":"<p>Beim <strong data-start=\"352\" data-end=\"382\">Fotoshooting \u201ePersonality\u201c<\/strong> steht <em data-start=\"389\" data-end=\"393\">du<\/em> im Mittelpunkt. Kein steifes Posing, kein Standardlicht \u2013 sondern Bilder, die deine Ausstrahlung einfangen.<br data-start=\"501\" data-end=\"504\" \/>Ob f\u00fcr dein Business, Social Media oder einfach f\u00fcr dich selbst: Wir schaffen Portraits, die Pers\u00f6nlichkeit zeigen \u2013 ehrlich, lebendig und individuell.<\/p>\n<p>Dieses Shooting findet <strong data-start=\"856\" data-end=\"875\">nicht im Studio<\/strong>, sondern <strong data-start=\"885\" data-end=\"900\">on location<\/strong> statt \u2013 in deiner vertrauten Umgebung oder an einem individuell gew\u00e4hlten Ort.<br data-start=\"979\" data-end=\"982\" \/>Mit nat\u00fcrlichem Licht und Gesp\u00fcr f\u00fcr Ausdruck entstehen Bilder, die deine Pers\u00f6nlichkeit sichtbar machen \u2013 professionell, authentisch und mit Stil.<\/p>\n","protected":false},"featured_media":8190,"template":"","meta":{"jetpack_post_was_ever_published":false},"product_brand":[],"product_cat":[51],"product_tag":[193,198,147],"class_list":{"0":"post-8191","1":"product","2":"type-product","3":"status-publish","4":"has-post-thumbnail","6":"product_cat-workshops","7":"product_tag-fisheye","8":"product_tag-vogel","9":"product_tag-workshop","11":"first","12":"instock","13":"virtual","14":"purchasable","15":"product-type-simple"},"yoast_head":"<!-- This site is optimized with the Yoast SEO plugin v27.4 - https:\/\/yoast.com\/product\/yoast-seo-wordpress\/ -->\n<title>Personality \u2013 People Shooting mit Ausdruck. &#8211; Fotograf in Luzern<\/title>\n<meta name=\"robots\" content=\"index, follow, max-snippet:-1, max-image-preview:large, max-video-preview:-1\" \/>\n<link rel=\"canonical\" href=\"https:\/\/evm.ch\/fotograf-in-luzern\/produkt\/personality-people-shooting-mit-ausdruck\/\" \/>\n<meta property=\"og:locale\" content=\"de_DE\" \/>\n<meta property=\"og:type\" content=\"article\" \/>\n<meta property=\"og:title\" content=\"Personality \u2013 People Shooting mit Ausdruck. &#8211; Fotograf in Luzern\" \/>\n<meta property=\"og:description\" content=\"Beim Fotoshooting \u201ePersonality\u201c steht du im Mittelpunkt. Kein steifes Posing, kein Standardlicht \u2013 sondern Bilder, die deine Ausstrahlung einfangen.Ob f\u00fcr dein Business, Social Media oder einfach f\u00fcr dich selbst: Wir schaffen Portraits, die Pers\u00f6nlichkeit zeigen \u2013 ehrlich, lebendig und individuell.  Dieses Shooting findet nicht im Studio, sondern on location statt \u2013 in deiner vertrauten Umgebung oder an einem individuell gew\u00e4hlten Ort.Mit nat\u00fcrlichem Licht und Gesp\u00fcr f\u00fcr Ausdruck entstehen Bilder, die deine Pers\u00f6nlichkeit sichtbar machen \u2013 professionell, authentisch und mit Stil.\" \/>\n<meta property=\"og:url\" content=\"https:\/\/evm.ch\/fotograf-in-luzern\/produkt\/personality-people-shooting-mit-ausdruck\/\" \/>\n<meta property=\"og:site_name\" content=\"Fotograf in Luzern\" \/>\n<meta property=\"article:modified_time\" content=\"2025-11-02T14:29:23+00:00\" \/>\n<meta property=\"og:image\" content=\"https:\/\/i0.wp.com\/evm.ch\/wp-content\/uploads\/2025\/11\/Workshp_personality.jpg?fit=1600%2C2000&ssl=1\" \/>\n\t<meta property=\"og:image:width\" content=\"1600\" \/>\n\t<meta property=\"og:image:height\" content=\"2000\" \/>\n\t<meta property=\"og:image:type\" content=\"image\/jpeg\" \/>\n<meta name=\"twitter:card\" content=\"summary_large_image\" \/>\n<meta name=\"twitter:label1\" content=\"Gesch\u00e4tzte Lesezeit\" \/>\n\t<meta name=\"twitter:data1\" content=\"2\u00a0Minuten\" \/>\n<script type=\"application\/ld+json\" class=\"yoast-schema-graph\">{\"@context\":\"https:\\\/\\\/schema.org\",\"@graph\":[{\"@type\":\"WebPage\",\"@id\":\"https:\\\/\\\/evm.ch\\\/fotograf-in-luzern\\\/produkt\\\/personality-people-shooting-mit-ausdruck\\\/\",\"url\":\"https:\\\/\\\/evm.ch\\\/fotograf-in-luzern\\\/produkt\\\/personality-people-shooting-mit-ausdruck\\\/\",\"name\":\"Personality \u2013 People Shooting mit Ausdruck. &#8211; Fotograf in Luzern\",\"isPartOf\":{\"@id\":\"https:\\\/\\\/evm.ch\\\/fotograf-in-luzern\\\/#website\"},\"primaryImageOfPage\":{\"@id\":\"https:\\\/\\\/evm.ch\\\/fotograf-in-luzern\\\/produkt\\\/personality-people-shooting-mit-ausdruck\\\/#primaryimage\"},\"image\":{\"@id\":\"https:\\\/\\\/evm.ch\\\/fotograf-in-luzern\\\/produkt\\\/personality-people-shooting-mit-ausdruck\\\/#primaryimage\"},\"thumbnailUrl\":\"https:\\\/\\\/i0.wp.com\\\/evm.ch\\\/wp-content\\\/uploads\\\/2025\\\/11\\\/Workshp_personality.jpg?fit=1600%2C2000&ssl=1\",\"datePublished\":\"2025-11-02T14:03:25+00:00\",\"dateModified\":\"2025-11-02T14:29:23+00:00\",\"breadcrumb\":{\"@id\":\"https:\\\/\\\/evm.ch\\\/fotograf-in-luzern\\\/produkt\\\/personality-people-shooting-mit-ausdruck\\\/#breadcrumb\"},\"inLanguage\":\"de\",\"potentialAction\":[{\"@type\":\"ReadAction\",\"target\":[\"https:\\\/\\\/evm.ch\\\/fotograf-in-luzern\\\/produkt\\\/personality-people-shooting-mit-ausdruck\\\/\"]}]},{\"@type\":\"ImageObject\",\"inLanguage\":\"de\",\"@id\":\"https:\\\/\\\/evm.ch\\\/fotograf-in-luzern\\\/produkt\\\/personality-people-shooting-mit-ausdruck\\\/#primaryimage\",\"url\":\"https:\\\/\\\/i0.wp.com\\\/evm.ch\\\/wp-content\\\/uploads\\\/2025\\\/11\\\/Workshp_personality.jpg?fit=1600%2C2000&ssl=1\",\"contentUrl\":\"https:\\\/\\\/i0.wp.com\\\/evm.ch\\\/wp-content\\\/uploads\\\/2025\\\/11\\\/Workshp_personality.jpg?fit=1600%2C2000&ssl=1\",\"width\":1600,\"height\":2000,\"caption\":\"Workshop Personality\"},{\"@type\":\"BreadcrumbList\",\"@id\":\"https:\\\/\\\/evm.ch\\\/fotograf-in-luzern\\\/produkt\\\/personality-people-shooting-mit-ausdruck\\\/#breadcrumb\",\"itemListElement\":[{\"@type\":\"ListItem\",\"position\":1,\"name\":\"Home\",\"item\":\"https:\\\/\\\/evm.ch\\\/fotograf-in-luzern\\\/\"},{\"@type\":\"ListItem\",\"position\":2,\"name\":\"Shop\",\"item\":\"https:\\\/\\\/evm.ch\\\/fotograf-in-luzern\\\/shop\\\/\"},{\"@type\":\"ListItem\",\"position\":3,\"name\":\"Personality \u2013 People Shooting mit Ausdruck.\"}]},{\"@type\":\"WebSite\",\"@id\":\"https:\\\/\\\/evm.ch\\\/fotograf-in-luzern\\\/#website\",\"url\":\"https:\\\/\\\/evm.ch\\\/fotograf-in-luzern\\\/\",\"name\":\"Fotograf in Luzern\",\"description\":\"\",\"publisher\":{\"@id\":\"https:\\\/\\\/evm.ch\\\/fotograf-in-luzern\\\/#organization\"},\"potentialAction\":[{\"@type\":\"SearchAction\",\"target\":{\"@type\":\"EntryPoint\",\"urlTemplate\":\"https:\\\/\\\/evm.ch\\\/fotograf-in-luzern\\\/?s={search_term_string}\"},\"query-input\":{\"@type\":\"PropertyValueSpecification\",\"valueRequired\":true,\"valueName\":\"search_term_string\"}}],\"inLanguage\":\"de\"},{\"@type\":\"Organization\",\"@id\":\"https:\\\/\\\/evm.ch\\\/fotograf-in-luzern\\\/#organization\",\"name\":\"Foto evm.ch\",\"url\":\"https:\\\/\\\/evm.ch\\\/fotograf-in-luzern\\\/\",\"logo\":{\"@type\":\"ImageObject\",\"inLanguage\":\"de\",\"@id\":\"https:\\\/\\\/evm.ch\\\/fotograf-in-luzern\\\/#\\\/schema\\\/logo\\\/image\\\/\",\"url\":\"https:\\\/\\\/evm.ch\\\/wp-content\\\/uploads\\\/2018\\\/12\\\/logo.png\",\"contentUrl\":\"https:\\\/\\\/evm.ch\\\/wp-content\\\/uploads\\\/2018\\\/12\\\/logo.png\",\"width\":270,\"height\":100,\"caption\":\"Foto evm.ch\"},\"image\":{\"@id\":\"https:\\\/\\\/evm.ch\\\/fotograf-in-luzern\\\/#\\\/schema\\\/logo\\\/image\\\/\"}}]}<\/script>\n<!-- \/ Yoast SEO plugin. -->","yoast_head_json":{"title":"Personality \u2013 People Shooting mit Ausdruck. &#8211; Fotograf in Luzern","robots":{"index":"index","follow":"follow","max-snippet":"max-snippet:-1","max-image-preview":"max-image-preview:large","max-video-preview":"max-video-preview:-1"},"canonical":"https:\/\/evm.ch\/fotograf-in-luzern\/produkt\/personality-people-shooting-mit-ausdruck\/","og_locale":"de_DE","og_type":"article","og_title":"Personality \u2013 People Shooting mit Ausdruck. &#8211; Fotograf in Luzern","og_description":"Beim Fotoshooting \u201ePersonality\u201c steht du im Mittelpunkt. Kein steifes Posing, kein Standardlicht \u2013 sondern Bilder, die deine Ausstrahlung einfangen.Ob f\u00fcr dein Business, Social Media oder einfach f\u00fcr dich selbst: Wir schaffen Portraits, die Pers\u00f6nlichkeit zeigen \u2013 ehrlich, lebendig und individuell.  Dieses Shooting findet nicht im Studio, sondern on location statt \u2013 in deiner vertrauten Umgebung oder an einem individuell gew\u00e4hlten Ort.Mit nat\u00fcrlichem Licht und Gesp\u00fcr f\u00fcr Ausdruck entstehen Bilder, die deine Pers\u00f6nlichkeit sichtbar machen \u2013 professionell, authentisch und mit Stil.","og_url":"https:\/\/evm.ch\/fotograf-in-luzern\/produkt\/personality-people-shooting-mit-ausdruck\/","og_site_name":"Fotograf in Luzern","article_modified_time":"2025-11-02T14:29:23+00:00","og_image":[{"width":1600,"height":2000,"url":"https:\/\/i0.wp.com\/evm.ch\/wp-content\/uploads\/2025\/11\/Workshp_personality.jpg?fit=1600%2C2000&ssl=1","type":"image\/jpeg"}],"twitter_card":"summary_large_image","twitter_misc":{"Gesch\u00e4tzte Lesezeit":"2\u00a0Minuten"},"schema":{"@context":"https:\/\/schema.org","@graph":[{"@type":"WebPage","@id":"https:\/\/evm.ch\/fotograf-in-luzern\/produkt\/personality-people-shooting-mit-ausdruck\/","url":"https:\/\/evm.ch\/fotograf-in-luzern\/produkt\/personality-people-shooting-mit-ausdruck\/","name":"Personality \u2013 People Shooting mit Ausdruck. &#8211; Fotograf in Luzern","isPartOf":{"@id":"https:\/\/evm.ch\/fotograf-in-luzern\/#website"},"primaryImageOfPage":{"@id":"https:\/\/evm.ch\/fotograf-in-luzern\/produkt\/personality-people-shooting-mit-ausdruck\/#primaryimage"},"image":{"@id":"https:\/\/evm.ch\/fotograf-in-luzern\/produkt\/personality-people-shooting-mit-ausdruck\/#primaryimage"},"thumbnailUrl":"https:\/\/i0.wp.com\/evm.ch\/wp-content\/uploads\/2025\/11\/Workshp_personality.jpg?fit=1600%2C2000&ssl=1","datePublished":"2025-11-02T14:03:25+00:00","dateModified":"2025-11-02T14:29:23+00:00","breadcrumb":{"@id":"https:\/\/evm.ch\/fotograf-in-luzern\/produkt\/personality-people-shooting-mit-ausdruck\/#breadcrumb"},"inLanguage":"de","potentialAction":[{"@type":"ReadAction","target":["https:\/\/evm.ch\/fotograf-in-luzern\/produkt\/personality-people-shooting-mit-ausdruck\/"]}]},{"@type":"ImageObject","inLanguage":"de","@id":"https:\/\/evm.ch\/fotograf-in-luzern\/produkt\/personality-people-shooting-mit-ausdruck\/#primaryimage","url":"https:\/\/i0.wp.com\/evm.ch\/wp-content\/uploads\/2025\/11\/Workshp_personality.jpg?fit=1600%2C2000&ssl=1","contentUrl":"https:\/\/i0.wp.com\/evm.ch\/wp-content\/uploads\/2025\/11\/Workshp_personality.jpg?fit=1600%2C2000&ssl=1","width":1600,"height":2000,"caption":"Workshop Personality"},{"@type":"BreadcrumbList","@id":"https:\/\/evm.ch\/fotograf-in-luzern\/produkt\/personality-people-shooting-mit-ausdruck\/#breadcrumb","itemListElement":[{"@type":"ListItem","position":1,"name":"Home","item":"https:\/\/evm.ch\/fotograf-in-luzern\/"},{"@type":"ListItem","position":2,"name":"Shop","item":"https:\/\/evm.ch\/fotograf-in-luzern\/shop\/"},{"@type":"ListItem","position":3,"name":"Personality \u2013 People Shooting mit Ausdruck."}]},{"@type":"WebSite","@id":"https:\/\/evm.ch\/fotograf-in-luzern\/#website","url":"https:\/\/evm.ch\/fotograf-in-luzern\/","name":"Fotograf in Luzern","description":"","publisher":{"@id":"https:\/\/evm.ch\/fotograf-in-luzern\/#organization"},"potentialAction":[{"@type":"SearchAction","target":{"@type":"EntryPoint","urlTemplate":"https:\/\/evm.ch\/fotograf-in-luzern\/?s={search_term_string}"},"query-input":{"@type":"PropertyValueSpecification","valueRequired":true,"valueName":"search_term_string"}}],"inLanguage":"de"},{"@type":"Organization","@id":"https:\/\/evm.ch\/fotograf-in-luzern\/#organization","name":"Foto evm.ch","url":"https:\/\/evm.ch\/fotograf-in-luzern\/","logo":{"@type":"ImageObject","inLanguage":"de","@id":"https:\/\/evm.ch\/fotograf-in-luzern\/#\/schema\/logo\/image\/","url":"https:\/\/evm.ch\/wp-content\/uploads\/2018\/12\/logo.png","contentUrl":"https:\/\/evm.ch\/wp-content\/uploads\/2018\/12\/logo.png","width":270,"height":100,"caption":"Foto evm.ch"},"image":{"@id":"https:\/\/evm.ch\/fotograf-in-luzern\/#\/schema\/logo\/image\/"}}]}},"jetpack_sharing_enabled":true,"jetpack-related-posts":[],"_links":{"self":[{"href":"https:\/\/evm.ch\/fotograf-in-luzern\/wp-json\/wp\/v2\/product\/8191","targetHints":{"allow":["GET"]}}],"collection":[{"href":"https:\/\/evm.ch\/fotograf-in-luzern\/wp-json\/wp\/v2\/product"}],"about":[{"href":"https:\/\/evm.ch\/fotograf-in-luzern\/wp-json\/wp\/v2\/types\/product"}],"wp:featuredmedia":[{"embeddable":true,"href":"https:\/\/evm.ch\/fotograf-in-luzern\/wp-json\/wp\/v2\/media\/8190"}],"wp:attachment":[{"href":"https:\/\/evm.ch\/fotograf-in-luzern\/wp-json\/wp\/v2\/media?parent=8191"}],"wp:term":[{"taxonomy":"product_brand","embeddable":true,"href":"https:\/\/evm.ch\/fotograf-in-luzern\/wp-json\/wp\/v2\/product_brand?post=8191"},{"taxonomy":"product_cat","embeddable":true,"href":"https:\/\/evm.ch\/fotograf-in-luzern\/wp-json\/wp\/v2\/product_cat?post=8191"},{"taxonomy":"product_tag","embeddable":true,"href":"https:\/\/evm.ch\/fotograf-in-luzern\/wp-json\/wp\/v2\/product_tag?post=8191"}],"curies":[{"name":"wp","href":"https:\/\/api.w.org\/{rel}","templated":true}]}}